{"id":961,"date":"2022-10-07T15:00:00","date_gmt":"2022-10-07T18:00:00","guid":{"rendered":"http:\/\/www.planetahh.com.br\/?page_id=961"},"modified":"2023-02-03T19:04:11","modified_gmt":"2023-02-03T22:04:11","slug":"itinerario","status":"publish","type":"page","link":"https:\/\/www.planetahh.com.br\/cruise\/navio\/itinerario\/","title":{"rendered":"Itiner\u00e1rio"},"content":{"rendered":"\n<figure class=\"wp-block-image size-full\"><img loading=\"lazy\" decoding=\"async\" width=\"1100\" height=\"545\" src=\"https:\/\/www.planetahh.com.br\/cruise\/wp-content\/uploads\/2022\/10\/chamada-sitebr.jpg\" alt=\"\" class=\"wp-image-3039\" srcset=\"https:\/\/www.planetahh.com.br\/cruise\/wp-content\/uploads\/2022\/10\/chamada-sitebr.jpg 1100w, https:\/\/www.planetahh.com.br\/cruise\/wp-content\/uploads\/2022\/10\/chamada-sitebr-300x149.jpg 300w, https:\/\/www.planetahh.com.br\/cruise\/wp-content\/uploads\/2022\/10\/chamada-sitebr-1024x507.jpg 1024w, https:\/\/www.planetahh.com.br\/cruise\/wp-content\/uploads\/2022\/10\/chamada-sitebr-768x381.jpg 768w\" sizes=\"auto, (max-width: 1100px) 100vw, 1100px\" \/><\/figure>\n\n\n\n<h2 class=\"has-text-align-center wp-block-heading\"><strong>Novos DESTINOS nos aguardam em nosso PLANETA SECRETO. <\/strong><\/h2>\n\n\n\n<p class=\"has-text-align-center\"><strong><em>Seus pr\u00f3ximos destinos j\u00e1 est\u00e3o escritos nas estrelas&#8230;<\/em><\/strong><br>Prepare-se para embarcar em uma experi\u00eancia \u00fanica a bordo do navio Costa Favolosa no <strong>H&amp;H FESTIVAL 2023 &#8211; Cruise Edition<\/strong>, de 6 a 9 de abril de 2023 (feriado de p\u00e1scoa).<\/p>\n\n\n\n<p class=\"has-text-align-center\">Depois de realizarmos uma pesquisa para entendermos melhor as prefer\u00eancias de nossos passageiros em termos de itiner\u00e1rio, paradas e poss\u00edveis eventos em terra e a bordo, al\u00e9m de um longo estudo de viabilidade junto de parceiros locais e da armadora, conhe\u00e7a o roteiro de nosso CRUISE EDITION do H&amp;H em 2023!<\/p>\n\n\n\n<p class=\"has-text-align-center has-black-color has-cyan-bluish-gray-background-color has-text-color has-background\">Nossa sa\u00edda e chegada ser\u00e1 do <strong>Porto de Santos em S\u00e3o Paulo (SP) <\/strong>e partiremos rumo a&nbsp;<strong>B\u00daZIOS, no litoral do RJ<\/strong>,&nbsp;onde ficaremos ancorados com embarque e desembarque de passageiros e uma programa\u00e7\u00e3o especial no primeiro dia incluindo indica\u00e7\u00f5es de TOURS em terra (como ida ao beachclub Fishbone, passeios \u00e0s praias de B\u00fazios ou mergulho com lancha especial &#8211; compra \u00e0 parte a bordo). <\/p>\n\n\n<div class=\"wp-block-image\">\n<figure class=\"aligncenter size-full\"><a href=\"https:\/\/www.planetahh.com.br\/cruise\/wp-content\/uploads\/2023\/02\/sitebr-buzios.jpg\"><img loading=\"lazy\" decoding=\"async\" width=\"600\" height=\"549\" src=\"https:\/\/www.planetahh.com.br\/cruise\/wp-content\/uploads\/2023\/02\/sitebr-buzios.jpg\" alt=\"\" class=\"wp-image-3249\" srcset=\"https:\/\/www.planetahh.com.br\/cruise\/wp-content\/uploads\/2023\/02\/sitebr-buzios.jpg 600w, https:\/\/www.planetahh.com.br\/cruise\/wp-content\/uploads\/2023\/02\/sitebr-buzios-300x275.jpg 300w\" sizes=\"auto, (max-width: 600px) 100vw, 600px\" \/><\/a><\/figure>\n<\/div>\n\n\n<p class=\"has-text-align-center\">No primeiro dia j\u00e1 teremos um destino in\u00e9dito no H&amp;H: <strong>B\u00daZIOS no Rio de Janeiro<\/strong>, onde desbravaremos juntos uma infinidade de atividades incr\u00edveis neste balne\u00e1rio espetacular. Seguindo as estrelas, sob o c\u00e9u iluminado do litoral brasileiro, em dire\u00e7\u00e3o ao nosso segundo destino, voc\u00ea ir\u00e1 descobrir porque B\u00fazios encantou tanto a atriz Brigitte Bardot e certamente ir\u00e1 encantar voc\u00ea tamb\u00e9m. As mais de 20 praias, galerias de n\u00edvel internacional, clubes e butiques atraem viajantes de todo mundo, al\u00e9m dos surfistas em busca de ondas perfeitas. N\u00e3o perca!<\/p>\n\n\n<div class=\"wp-block-image\">\n<figure class=\"aligncenter size-full\"><a href=\"https:\/\/www.planetahh.com.br\/cruise\/wp-content\/uploads\/2023\/02\/sitebr-ilhabela.jpg\"><img loading=\"lazy\" decoding=\"async\" width=\"600\" height=\"548\" src=\"https:\/\/www.planetahh.com.br\/cruise\/wp-content\/uploads\/2023\/02\/sitebr-ilhabela.jpg\" alt=\"\" class=\"wp-image-3250\" srcset=\"https:\/\/www.planetahh.com.br\/cruise\/wp-content\/uploads\/2023\/02\/sitebr-ilhabela.jpg 600w, https:\/\/www.planetahh.com.br\/cruise\/wp-content\/uploads\/2023\/02\/sitebr-ilhabela-300x274.jpg 300w\" sizes=\"auto, (max-width: 600px) 100vw, 600px\" \/><\/a><\/figure>\n<\/div>\n\n\n<p class=\"has-text-align-center\">No segundo dia, bons ventos nos levam de volta a esta ilha paradis\u00edaca que nos recebeu de bra\u00e7os abertos em nossa primeira edi\u00e7\u00e3o. Al\u00e9m da beleza por natureza, que carrega at\u00e9 em seu nome, <strong>ILHABELA (SP) <\/strong>\u00e9 a maior ilha mar\u00edtima brasileira, com cerca de 40 km de praias inexploradas e uma paisagem t\u00edpica de floresta tropical, com trilhas para caminhadas, cachoeiras e at\u00e9 uma nascente. Indicamos como op\u00e7\u00f5es de TOURS na Ilhabela ida ao beachclub Seaclub, passeios de escuna, jipe ou off-road pela ilha. N\u00e3o perca!<\/p>\n\n\n<div class=\"wp-block-image\">\n<figure class=\"aligncenter size-full\"><a href=\"https:\/\/www.planetahh.com.br\/cruise\/wp-content\/uploads\/2023\/02\/sitebr-roteiro.jpg\"><img loading=\"lazy\" decoding=\"async\" width=\"600\" height=\"487\" src=\"https:\/\/www.planetahh.com.br\/cruise\/wp-content\/uploads\/2023\/02\/sitebr-roteiro.jpg\" alt=\"\" class=\"wp-image-3256\" srcset=\"https:\/\/www.planetahh.com.br\/cruise\/wp-content\/uploads\/2023\/02\/sitebr-roteiro.jpg 600w, https:\/\/www.planetahh.com.br\/cruise\/wp-content\/uploads\/2023\/02\/sitebr-roteiro-300x244.jpg 300w\" sizes=\"auto, (max-width: 600px) 100vw, 600px\" \/><\/a><\/figure>\n<\/div>\n\n\n<p class=\"has-text-align-center\">Lembramos que a&nbsp;<strong>programa\u00e7\u00e3o do H&amp;H FESTIVAL<\/strong>&nbsp;sempre foi e sempre ser\u00e1 muito mais do que somente um de seus elementos, mas sim a somat\u00f3ria de todos eles! Teremos neste festival eventos intensos em nosso Line-up Sonoro, al\u00e9m dos demais Line-ups Experienciais, programa\u00e7\u00f5es diferentes e simult\u00e2neas, atividades especiais a bordo e muito mais.<\/p>\n\n\n\n<p class=\"has-text-align-center\">O H&amp;H a bordo de um navio ser\u00e1 para todos(as) as tribos e gostos.<br>Aproveite e BOAS-VINDAS ao H&amp;H FESTIVAL, edi\u00e7\u00e3o especial de 15 ANOS em 2023: uma ENERGIA \u00fanica, em terra ou ao mar, onde tudo \u00e9 poss\u00edvel&#8230; nos vemos a bordo!<\/p>\n\n\n\n<h6 class=\"has-text-align-center has-luminous-vivid-amber-background-color has-background wp-block-heading\"><em>OBS: as paradas e itiner\u00e1rios est\u00e3o sujeitos a confirma\u00e7\u00e3o, condi\u00e7\u00f5es clim\u00e1ticas e de navega\u00e7\u00e3o, bem como poder\u00e3o sofrer altera\u00e7\u00f5es sem pr\u00e9vio aviso, restrito a exclusivo crit\u00e9rio da H&amp;H Entretenimento e Costa Cruzeiros.<\/em><br><em>Consulte todas as regras e condi\u00e7\u00f5es no regulamento do festival no momento da compra.<\/em><\/h6>\n","protected":false},"excerpt":{"rendered":"<p>Novos DESTINOS nos aguardam em nosso PLANETA SECRETO. Seus pr\u00f3ximos destinos j\u00e1 est\u00e3o escritos nas estrelas&#8230;Prepare-se para embarcar em uma experi\u00eancia \u00fanica a bordo do navio Costa Favolosa no H&amp;H FESTIVAL 2023 &#8211; Cruise Edition, de 6 a 9 de abril de 2023 (feriado de p\u00e1scoa). Depois de realizarmos uma pesquisa para entendermos melhor as [&hellip;]<\/p>\n","protected":false},"author":1,"featured_media":3051,"parent":45,"menu_order":0,"comment_status":"closed","ping_status":"closed","template":"","meta":{"_eb_attr":"","footnotes":""},"class_list":["post-961","page","type-page","status-publish","has-post-thumbnail","hentry"],"_links":{"self":[{"href":"https:\/\/www.planetahh.com.br\/cruise\/wp-json\/wp\/v2\/pages\/961","targetHints":{"allow":["GET"]}}],"collection":[{"href":"https:\/\/www.planetahh.com.br\/cruise\/wp-json\/wp\/v2\/pages"}],"about":[{"href":"https:\/\/www.planetahh.com.br\/cruise\/wp-json\/wp\/v2\/types\/page"}],"author":[{"embeddable":true,"href":"https:\/\/www.planetahh.com.br\/cruise\/wp-json\/wp\/v2\/users\/1"}],"replies":[{"embeddable":true,"href":"https:\/\/www.planetahh.com.br\/cruise\/wp-json\/wp\/v2\/comments?post=961"}],"version-history":[{"count":15,"href":"https:\/\/www.planetahh.com.br\/cruise\/wp-json\/wp\/v2\/pages\/961\/revisions"}],"predecessor-version":[{"id":3261,"href":"https:\/\/www.planetahh.com.br\/cruise\/wp-json\/wp\/v2\/pages\/961\/revisions\/3261"}],"up":[{"embeddable":true,"href":"https:\/\/www.planetahh.com.br\/cruise\/wp-json\/wp\/v2\/pages\/45"}],"wp:featuredmedia":[{"embeddable":true,"href":"https:\/\/www.planetahh.com.br\/cruise\/wp-json\/wp\/v2\/media\/3051"}],"wp:attachment":[{"href":"https:\/\/www.planetahh.com.br\/cruise\/wp-json\/wp\/v2\/media?parent=961"}],"curies":[{"name":"wp","href":"https:\/\/api.w.org\/{rel}","templated":true}]}}