{"id":93,"date":"2018-11-21T00:11:31","date_gmt":"2018-11-21T02:11:31","guid":{"rendered":"http:\/\/www.planetahh.com.br\/?page_id=93"},"modified":"2022-07-12T22:42:24","modified_gmt":"2022-07-13T01:42:24","slug":"infraestrutura","status":"publish","type":"page","link":"https:\/\/www.planetahh.com.br\/cruise\/navio\/infraestrutura\/","title":{"rendered":"Infraestrutura"},"content":{"rendered":"\n<p>O navio <strong>Costa&nbsp;Favolosa<\/strong>&nbsp;\u00e9 um transatl\u00e2ntico&nbsp;da Costa Cruzeiros, vindo diretamente da It\u00e1lia, com capacidade para quase 5 mil pessoas (entre h\u00f3spedes e tripulantes), com 290 metros e 114,5 mil toneladas. Sua infraestrutura conta com piscinas, um parque aqu\u00e1tico com tobo\u00e1gua, cinema 4D, SPA, \u00e1rea de jogos, cassino, teatro, restaurantes internacionais (buffet,&nbsp;a&nbsp;la&nbsp;carte ou tem\u00e1ticos), sorveteria, lojas&nbsp;dutyfree, diferentes categorias de cabines e muito&nbsp;mais!&nbsp;Al\u00e9m da programa\u00e7\u00e3o de festas e eventos a bordo e em terra, a H&amp;H manter\u00e1&nbsp;e adequar\u00e1&nbsp;a maior parte de&nbsp;suas&nbsp;atividades regulares, al\u00e9m dos diferenciais de nossos novos&nbsp;Line-ups&nbsp;Experienciais&nbsp;(nota: algumas atividades possuem pagamentos&nbsp;\u00e0&nbsp;parte). N\u00e3o perca!<\/p>\n\n\n\n<p><\/p>\n\n\n\n<figure class=\"wp-block-gallery has-nested-images columns-4 is-cropped wp-block-gallery-1 is-layout-flex wp-block-gallery-is-layout-flex\">\n<figure class=\"wp-block-image size-large\"><img loading=\"lazy\" decoding=\"async\" width=\"1000\" height=\"658\" data-id=\"2814\" src=\"https:\/\/www.planetahh.com.br\/cruise\/wp-content\/uploads\/2022\/07\/hh2023-infraestrutura-12.jpg\" alt=\"\" class=\"wp-image-2814\" srcset=\"https:\/\/www.planetahh.com.br\/cruise\/wp-content\/uploads\/2022\/07\/hh2023-infraestrutura-12.jpg 1000w, https:\/\/www.planetahh.com.br\/cruise\/wp-content\/uploads\/2022\/07\/hh2023-infraestrutura-12-300x197.jpg 300w, https:\/\/www.planetahh.com.br\/cruise\/wp-content\/uploads\/2022\/07\/hh2023-infraestrutura-12-768x505.jpg 768w\" sizes=\"auto, (max-width: 1000px) 100vw, 1000px\" \/><\/figure>\n\n\n\n<figure class=\"wp-block-image size-large\"><img loading=\"lazy\" decoding=\"async\" width=\"1000\" height=\"658\" data-id=\"2817\" src=\"https:\/\/www.planetahh.com.br\/cruise\/wp-content\/uploads\/2022\/07\/hh2023-infraestrutura-16.jpg\" alt=\"\" class=\"wp-image-2817\" srcset=\"https:\/\/www.planetahh.com.br\/cruise\/wp-content\/uploads\/2022\/07\/hh2023-infraestrutura-16.jpg 1000w, https:\/\/www.planetahh.com.br\/cruise\/wp-content\/uploads\/2022\/07\/hh2023-infraestrutura-16-300x197.jpg 300w, https:\/\/www.planetahh.com.br\/cruise\/wp-content\/uploads\/2022\/07\/hh2023-infraestrutura-16-768x505.jpg 768w\" sizes=\"auto, (max-width: 1000px) 100vw, 1000px\" \/><\/figure>\n\n\n\n<figure class=\"wp-block-image size-large\"><img loading=\"lazy\" decoding=\"async\" width=\"1000\" height=\"658\" data-id=\"2815\" src=\"https:\/\/www.planetahh.com.br\/cruise\/wp-content\/uploads\/2022\/07\/hh2023-infraestrutura-10.jpg\" alt=\"\" class=\"wp-image-2815\" srcset=\"https:\/\/www.planetahh.com.br\/cruise\/wp-content\/uploads\/2022\/07\/hh2023-infraestrutura-10.jpg 1000w, https:\/\/www.planetahh.com.br\/cruise\/wp-content\/uploads\/2022\/07\/hh2023-infraestrutura-10-300x197.jpg 300w, https:\/\/www.planetahh.com.br\/cruise\/wp-content\/uploads\/2022\/07\/hh2023-infraestrutura-10-768x505.jpg 768w\" sizes=\"auto, (max-width: 1000px) 100vw, 1000px\" \/><\/figure>\n\n\n\n<figure class=\"wp-block-image size-large\"><img loading=\"lazy\" decoding=\"async\" width=\"1000\" height=\"658\" data-id=\"2816\" src=\"https:\/\/www.planetahh.com.br\/cruise\/wp-content\/uploads\/2022\/07\/hh2023-infraestrutura-13.jpg\" alt=\"\" class=\"wp-image-2816\" srcset=\"https:\/\/www.planetahh.com.br\/cruise\/wp-content\/uploads\/2022\/07\/hh2023-infraestrutura-13.jpg 1000w, https:\/\/www.planetahh.com.br\/cruise\/wp-content\/uploads\/2022\/07\/hh2023-infraestrutura-13-300x197.jpg 300w, https:\/\/www.planetahh.com.br\/cruise\/wp-content\/uploads\/2022\/07\/hh2023-infraestrutura-13-768x505.jpg 768w\" sizes=\"auto, (max-width: 1000px) 100vw, 1000px\" \/><\/figure>\n\n\n\n<figure class=\"wp-block-image size-large\"><img loading=\"lazy\" decoding=\"async\" width=\"1000\" height=\"658\" data-id=\"2813\" src=\"https:\/\/www.planetahh.com.br\/cruise\/wp-content\/uploads\/2022\/07\/hh2023-infraestrutura-11.jpg\" alt=\"\" class=\"wp-image-2813\" srcset=\"https:\/\/www.planetahh.com.br\/cruise\/wp-content\/uploads\/2022\/07\/hh2023-infraestrutura-11.jpg 1000w, https:\/\/www.planetahh.com.br\/cruise\/wp-content\/uploads\/2022\/07\/hh2023-infraestrutura-11-300x197.jpg 300w, https:\/\/www.planetahh.com.br\/cruise\/wp-content\/uploads\/2022\/07\/hh2023-infraestrutura-11-768x505.jpg 768w\" sizes=\"auto, (max-width: 1000px) 100vw, 1000px\" \/><\/figure>\n\n\n\n<figure class=\"wp-block-image size-large\"><img loading=\"lazy\" decoding=\"async\" width=\"1000\" height=\"658\" data-id=\"2818\" src=\"https:\/\/www.planetahh.com.br\/cruise\/wp-content\/uploads\/2022\/07\/hh2023-infraestrutura-04.jpg\" alt=\"\" class=\"wp-image-2818\" srcset=\"https:\/\/www.planetahh.com.br\/cruise\/wp-content\/uploads\/2022\/07\/hh2023-infraestrutura-04.jpg 1000w, https:\/\/www.planetahh.com.br\/cruise\/wp-content\/uploads\/2022\/07\/hh2023-infraestrutura-04-300x197.jpg 300w, https:\/\/www.planetahh.com.br\/cruise\/wp-content\/uploads\/2022\/07\/hh2023-infraestrutura-04-768x505.jpg 768w\" sizes=\"auto, (max-width: 1000px) 100vw, 1000px\" \/><\/figure>\n\n\n\n<figure class=\"wp-block-image size-large\"><img loading=\"lazy\" decoding=\"async\" width=\"1000\" height=\"658\" data-id=\"2825\" src=\"https:\/\/www.planetahh.com.br\/cruise\/wp-content\/uploads\/2022\/07\/hh2023-infraestrutura-01.jpg\" alt=\"\" class=\"wp-image-2825\" srcset=\"https:\/\/www.planetahh.com.br\/cruise\/wp-content\/uploads\/2022\/07\/hh2023-infraestrutura-01.jpg 1000w, https:\/\/www.planetahh.com.br\/cruise\/wp-content\/uploads\/2022\/07\/hh2023-infraestrutura-01-300x197.jpg 300w, https:\/\/www.planetahh.com.br\/cruise\/wp-content\/uploads\/2022\/07\/hh2023-infraestrutura-01-768x505.jpg 768w\" sizes=\"auto, (max-width: 1000px) 100vw, 1000px\" \/><\/figure>\n\n\n\n<figure class=\"wp-block-image size-large\"><img loading=\"lazy\" decoding=\"async\" width=\"1000\" height=\"658\" data-id=\"2819\" src=\"https:\/\/www.planetahh.com.br\/cruise\/wp-content\/uploads\/2022\/07\/hh2023-infraestrutura-09.jpg\" alt=\"\" class=\"wp-image-2819\" srcset=\"https:\/\/www.planetahh.com.br\/cruise\/wp-content\/uploads\/2022\/07\/hh2023-infraestrutura-09.jpg 1000w, https:\/\/www.planetahh.com.br\/cruise\/wp-content\/uploads\/2022\/07\/hh2023-infraestrutura-09-300x197.jpg 300w, https:\/\/www.planetahh.com.br\/cruise\/wp-content\/uploads\/2022\/07\/hh2023-infraestrutura-09-768x505.jpg 768w\" sizes=\"auto, (max-width: 1000px) 100vw, 1000px\" \/><\/figure>\n\n\n\n<figure class=\"wp-block-image size-large\"><img loading=\"lazy\" decoding=\"async\" width=\"1000\" height=\"658\" data-id=\"2820\" src=\"https:\/\/www.planetahh.com.br\/cruise\/wp-content\/uploads\/2022\/07\/hh2023-infraestrutura-08.jpg\" alt=\"\" class=\"wp-image-2820\" srcset=\"https:\/\/www.planetahh.com.br\/cruise\/wp-content\/uploads\/2022\/07\/hh2023-infraestrutura-08.jpg 1000w, https:\/\/www.planetahh.com.br\/cruise\/wp-content\/uploads\/2022\/07\/hh2023-infraestrutura-08-300x197.jpg 300w, https:\/\/www.planetahh.com.br\/cruise\/wp-content\/uploads\/2022\/07\/hh2023-infraestrutura-08-768x505.jpg 768w\" sizes=\"auto, (max-width: 1000px) 100vw, 1000px\" \/><\/figure>\n\n\n\n<figure class=\"wp-block-image size-large\"><img loading=\"lazy\" decoding=\"async\" width=\"1000\" height=\"658\" data-id=\"2823\" src=\"https:\/\/www.planetahh.com.br\/cruise\/wp-content\/uploads\/2022\/07\/hh2023-infraestrutura-03.jpg\" alt=\"\" class=\"wp-image-2823\" srcset=\"https:\/\/www.planetahh.com.br\/cruise\/wp-content\/uploads\/2022\/07\/hh2023-infraestrutura-03.jpg 1000w, https:\/\/www.planetahh.com.br\/cruise\/wp-content\/uploads\/2022\/07\/hh2023-infraestrutura-03-300x197.jpg 300w, https:\/\/www.planetahh.com.br\/cruise\/wp-content\/uploads\/2022\/07\/hh2023-infraestrutura-03-768x505.jpg 768w\" sizes=\"auto, (max-width: 1000px) 100vw, 1000px\" \/><\/figure>\n\n\n\n<figure class=\"wp-block-image size-large\"><img loading=\"lazy\" decoding=\"async\" width=\"1000\" height=\"658\" data-id=\"2826\" src=\"https:\/\/www.planetahh.com.br\/cruise\/wp-content\/uploads\/2022\/07\/hh2023-infraestrutura-07.jpg\" alt=\"\" class=\"wp-image-2826\" srcset=\"https:\/\/www.planetahh.com.br\/cruise\/wp-content\/uploads\/2022\/07\/hh2023-infraestrutura-07.jpg 1000w, https:\/\/www.planetahh.com.br\/cruise\/wp-content\/uploads\/2022\/07\/hh2023-infraestrutura-07-300x197.jpg 300w, https:\/\/www.planetahh.com.br\/cruise\/wp-content\/uploads\/2022\/07\/hh2023-infraestrutura-07-768x505.jpg 768w\" sizes=\"auto, (max-width: 1000px) 100vw, 1000px\" \/><\/figure>\n\n\n\n<figure class=\"wp-block-image size-large\"><img loading=\"lazy\" decoding=\"async\" width=\"1000\" height=\"658\" data-id=\"2822\" src=\"https:\/\/www.planetahh.com.br\/cruise\/wp-content\/uploads\/2022\/07\/hh2023-infraestrutura-05.jpg\" alt=\"\" class=\"wp-image-2822\" srcset=\"https:\/\/www.planetahh.com.br\/cruise\/wp-content\/uploads\/2022\/07\/hh2023-infraestrutura-05.jpg 1000w, https:\/\/www.planetahh.com.br\/cruise\/wp-content\/uploads\/2022\/07\/hh2023-infraestrutura-05-300x197.jpg 300w, https:\/\/www.planetahh.com.br\/cruise\/wp-content\/uploads\/2022\/07\/hh2023-infraestrutura-05-768x505.jpg 768w\" sizes=\"auto, (max-width: 1000px) 100vw, 1000px\" \/><\/figure>\n\n\n\n<figure class=\"wp-block-image size-large\"><img loading=\"lazy\" decoding=\"async\" width=\"1000\" height=\"658\" data-id=\"2824\" src=\"https:\/\/www.planetahh.com.br\/cruise\/wp-content\/uploads\/2022\/07\/hh2023-infraestrutura-02.jpg\" alt=\"\" class=\"wp-image-2824\" srcset=\"https:\/\/www.planetahh.com.br\/cruise\/wp-content\/uploads\/2022\/07\/hh2023-infraestrutura-02.jpg 1000w, https:\/\/www.planetahh.com.br\/cruise\/wp-content\/uploads\/2022\/07\/hh2023-infraestrutura-02-300x197.jpg 300w, https:\/\/www.planetahh.com.br\/cruise\/wp-content\/uploads\/2022\/07\/hh2023-infraestrutura-02-768x505.jpg 768w\" sizes=\"auto, (max-width: 1000px) 100vw, 1000px\" \/><\/figure>\n\n\n\n<figure class=\"wp-block-image size-large\"><img loading=\"lazy\" decoding=\"async\" width=\"1000\" height=\"658\" data-id=\"2821\" src=\"https:\/\/www.planetahh.com.br\/cruise\/wp-content\/uploads\/2022\/07\/hh2023-infraestrutura-06.jpg\" alt=\"\" class=\"wp-image-2821\" srcset=\"https:\/\/www.planetahh.com.br\/cruise\/wp-content\/uploads\/2022\/07\/hh2023-infraestrutura-06.jpg 1000w, https:\/\/www.planetahh.com.br\/cruise\/wp-content\/uploads\/2022\/07\/hh2023-infraestrutura-06-300x197.jpg 300w, https:\/\/www.planetahh.com.br\/cruise\/wp-content\/uploads\/2022\/07\/hh2023-infraestrutura-06-768x505.jpg 768w\" sizes=\"auto, (max-width: 1000px) 100vw, 1000px\" \/><\/figure>\n<\/figure>\n\n\n\n<p><center><br><br><a href=\"https:\/\/www.cruisemapper.com\/deckplans\/Costa-Favolosa-599\" target=\"_blank\" class=\"button\" rel=\"noreferrer noopener\">CONFIRA O DECK PLAN DO NAVIO<\/a><\/center><\/p>\n","protected":false},"excerpt":{"rendered":"<p>O navio Costa&nbsp;Favolosa&nbsp;\u00e9 um transatl\u00e2ntico&nbsp;da Costa Cruzeiros, vindo diretamente da It\u00e1lia, com capacidade para quase 5 mil pessoas (entre h\u00f3spedes e tripulantes), com 290 metros e 114,5 mil toneladas. Sua infraestrutura conta com piscinas, um parque aqu\u00e1tico com tobo\u00e1gua, cinema 4D, SPA, \u00e1rea de jogos, cassino, teatro, restaurantes internacionais (buffet,&nbsp;a&nbsp;la&nbsp;carte ou tem\u00e1ticos), sorveteria, lojas&nbsp;dutyfree, diferentes [&hellip;]<\/p>\n","protected":false},"author":1,"featured_media":2821,"parent":45,"menu_order":0,"comment_status":"closed","ping_status":"closed","template":"","meta":{"_eb_attr":"","footnotes":""},"class_list":["post-93","page","type-page","status-publish","has-post-thumbnail","hentry"],"_links":{"self":[{"href":"https:\/\/www.planetahh.com.br\/cruise\/wp-json\/wp\/v2\/pages\/93","targetHints":{"allow":["GET"]}}],"collection":[{"href":"https:\/\/www.planetahh.com.br\/cruise\/wp-json\/wp\/v2\/pages"}],"about":[{"href":"https:\/\/www.planetahh.com.br\/cruise\/wp-json\/wp\/v2\/types\/page"}],"author":[{"embeddable":true,"href":"https:\/\/www.planetahh.com.br\/cruise\/wp-json\/wp\/v2\/users\/1"}],"replies":[{"embeddable":true,"href":"https:\/\/www.planetahh.com.br\/cruise\/wp-json\/wp\/v2\/comments?post=93"}],"version-history":[{"count":3,"href":"https:\/\/www.planetahh.com.br\/cruise\/wp-json\/wp\/v2\/pages\/93\/revisions"}],"predecessor-version":[{"id":2837,"href":"https:\/\/www.planetahh.com.br\/cruise\/wp-json\/wp\/v2\/pages\/93\/revisions\/2837"}],"up":[{"embeddable":true,"href":"https:\/\/www.planetahh.com.br\/cruise\/wp-json\/wp\/v2\/pages\/45"}],"wp:featuredmedia":[{"embeddable":true,"href":"https:\/\/www.planetahh.com.br\/cruise\/wp-json\/wp\/v2\/media\/2821"}],"wp:attachment":[{"href":"https:\/\/www.planetahh.com.br\/cruise\/wp-json\/wp\/v2\/media?parent=93"}],"curies":[{"name":"wp","href":"https:\/\/api.w.org\/{rel}","templated":true}]}}