{"id":91,"date":"2018-11-21T00:11:13","date_gmt":"2018-11-21T02:11:13","guid":{"rendered":"http:\/\/www.planetahh.com.br\/?page_id=91"},"modified":"2022-07-12T14:47:22","modified_gmt":"2022-07-12T17:47:22","slug":"gastronomia","status":"publish","type":"page","link":"https:\/\/www.planetahh.com.br\/cruise\/navio\/gastronomia\/","title":{"rendered":"Gastronomia"},"content":{"rendered":"\n<p><span class=\"s8\">Conhe\u00e7a a gastronomia de alt\u00edssimo padr\u00e3o internacional a bordo do Costa <\/span><span class=\"s8\">Favolosa <\/span><span class=\"s8\">com seu regime de Pens\u00e3o Completa Premium (caf\u00e9 da manh\u00e3, almo\u00e7o, jantar e ceia, exceto bebidas \u2013 consulte os pacotes especiais de bebidas comercializados antecipadamente e \u00e0 parte, exclusivamente a bordo) \u2013 nota: algumas categorias de su\u00edtes possuem servi\u00e7o Premium e Premium VIP incluso (consulte).<\/span><\/p>\n\n\n\n<p><span class=\"s8\">Al\u00e9m disso, \u00e0 parte dos grandes restaurantes do navio (tanto em sistema de buffet, quanto em sistema de menu), existe ainda a possibilidade de reservas <\/span><span class=\"s8\">de restaurantes <\/span><span class=\"s8\">a<\/span><span class=\"s8\">la<\/span><span class=\"s8\"> carte exclusiv<\/span><span class=\"s8\">o<\/span><span class=\"s8\">s (pagamento \u00e0 parte \u2013 Restaurante <\/span><span class=\"s8\">Samsara<\/span><span class=\"s8\">, italiano <\/span><span class=\"s8\">Barilla<\/span><span class=\"s8\">, <\/span><span class=\"s8\">Steakhouse<\/span><span class=\"s8\">,<\/span><span class=\"s8\"> hamburgueria Burger D\u2019<\/span><span class=\"s8\">Autore<\/span><span class=\"s8\">, pizzaria <\/span><span class=\"s8\">Pummid\u2019ouro<\/span><span class=\"s8\">, dentre outros) \u2013 nota: o restaurante Privativo Costa Club<\/span> <span class=\"s8\">Favolosa<\/span><span class=\"s8\"> (caf\u00e9 da manh\u00e3, almo\u00e7o e jantar) com menu exclusivo e diferenciado \u00e9 restrito para h\u00f3spedes nas categorias <\/span><span class=\"s8\">Gran<\/span><span class=\"s8\">, Master e <\/span><span class=\"s8\">Presidential<\/span> <span class=\"s8\">Suites<\/span><span class=\"s8\">. Confira tamb\u00e9m em breve o novo <\/span><span class=\"s8\">Line-up<\/span><span class=\"s8\"> Gastron\u00f4mico do festival!<\/span><\/p>\n\n\n\n<figure class=\"wp-block-gallery has-nested-images columns-4 is-cropped wp-block-gallery-1 is-layout-flex wp-block-gallery-is-layout-flex\">\n<figure class=\"wp-block-image size-large\"><img loading=\"lazy\" decoding=\"async\" width=\"1000\" height=\"658\" data-id=\"2799\" src=\"https:\/\/www.planetahh.com.br\/cruise\/wp-content\/uploads\/2022\/07\/hh2023-gastronomia-01.jpg\" alt=\"\" class=\"wp-image-2799\" srcset=\"https:\/\/www.planetahh.com.br\/cruise\/wp-content\/uploads\/2022\/07\/hh2023-gastronomia-01.jpg 1000w, https:\/\/www.planetahh.com.br\/cruise\/wp-content\/uploads\/2022\/07\/hh2023-gastronomia-01-300x197.jpg 300w, https:\/\/www.planetahh.com.br\/cruise\/wp-content\/uploads\/2022\/07\/hh2023-gastronomia-01-768x505.jpg 768w\" sizes=\"auto, (max-width: 1000px) 100vw, 1000px\" \/><\/figure>\n\n\n\n<figure class=\"wp-block-image size-large\"><img loading=\"lazy\" decoding=\"async\" width=\"1000\" height=\"658\" data-id=\"2801\" src=\"https:\/\/www.planetahh.com.br\/cruise\/wp-content\/uploads\/2022\/07\/hh2023-gastronomia-08.jpg\" alt=\"\" class=\"wp-image-2801\" srcset=\"https:\/\/www.planetahh.com.br\/cruise\/wp-content\/uploads\/2022\/07\/hh2023-gastronomia-08.jpg 1000w, https:\/\/www.planetahh.com.br\/cruise\/wp-content\/uploads\/2022\/07\/hh2023-gastronomia-08-300x197.jpg 300w, https:\/\/www.planetahh.com.br\/cruise\/wp-content\/uploads\/2022\/07\/hh2023-gastronomia-08-768x505.jpg 768w\" sizes=\"auto, (max-width: 1000px) 100vw, 1000px\" \/><\/figure>\n\n\n\n<figure class=\"wp-block-image size-large\"><img loading=\"lazy\" decoding=\"async\" width=\"1000\" height=\"658\" data-id=\"2804\" src=\"https:\/\/www.planetahh.com.br\/cruise\/wp-content\/uploads\/2022\/07\/hh2023-gastronomia-05.jpg\" alt=\"\" class=\"wp-image-2804\" srcset=\"https:\/\/www.planetahh.com.br\/cruise\/wp-content\/uploads\/2022\/07\/hh2023-gastronomia-05.jpg 1000w, https:\/\/www.planetahh.com.br\/cruise\/wp-content\/uploads\/2022\/07\/hh2023-gastronomia-05-300x197.jpg 300w, https:\/\/www.planetahh.com.br\/cruise\/wp-content\/uploads\/2022\/07\/hh2023-gastronomia-05-768x505.jpg 768w\" sizes=\"auto, (max-width: 1000px) 100vw, 1000px\" \/><\/figure>\n\n\n\n<figure class=\"wp-block-image size-large\"><img loading=\"lazy\" decoding=\"async\" width=\"1000\" height=\"658\" data-id=\"2802\" src=\"https:\/\/www.planetahh.com.br\/cruise\/wp-content\/uploads\/2022\/07\/hh2023-gastronomia-07.jpg\" alt=\"\" class=\"wp-image-2802\" srcset=\"https:\/\/www.planetahh.com.br\/cruise\/wp-content\/uploads\/2022\/07\/hh2023-gastronomia-07.jpg 1000w, https:\/\/www.planetahh.com.br\/cruise\/wp-content\/uploads\/2022\/07\/hh2023-gastronomia-07-300x197.jpg 300w, https:\/\/www.planetahh.com.br\/cruise\/wp-content\/uploads\/2022\/07\/hh2023-gastronomia-07-768x505.jpg 768w\" sizes=\"auto, (max-width: 1000px) 100vw, 1000px\" \/><\/figure>\n\n\n\n<figure class=\"wp-block-image size-large\"><img loading=\"lazy\" decoding=\"async\" width=\"1000\" height=\"658\" data-id=\"2806\" src=\"https:\/\/www.planetahh.com.br\/cruise\/wp-content\/uploads\/2022\/07\/hh2023-gastronomia-03.jpg\" alt=\"\" class=\"wp-image-2806\" srcset=\"https:\/\/www.planetahh.com.br\/cruise\/wp-content\/uploads\/2022\/07\/hh2023-gastronomia-03.jpg 1000w, https:\/\/www.planetahh.com.br\/cruise\/wp-content\/uploads\/2022\/07\/hh2023-gastronomia-03-300x197.jpg 300w, https:\/\/www.planetahh.com.br\/cruise\/wp-content\/uploads\/2022\/07\/hh2023-gastronomia-03-768x505.jpg 768w\" sizes=\"auto, (max-width: 1000px) 100vw, 1000px\" \/><\/figure>\n\n\n\n<figure class=\"wp-block-image size-large\"><img loading=\"lazy\" decoding=\"async\" width=\"1000\" height=\"658\" data-id=\"2803\" src=\"https:\/\/www.planetahh.com.br\/cruise\/wp-content\/uploads\/2022\/07\/hh2023-gastronomia-06.jpg\" alt=\"\" class=\"wp-image-2803\" srcset=\"https:\/\/www.planetahh.com.br\/cruise\/wp-content\/uploads\/2022\/07\/hh2023-gastronomia-06.jpg 1000w, https:\/\/www.planetahh.com.br\/cruise\/wp-content\/uploads\/2022\/07\/hh2023-gastronomia-06-300x197.jpg 300w, https:\/\/www.planetahh.com.br\/cruise\/wp-content\/uploads\/2022\/07\/hh2023-gastronomia-06-768x505.jpg 768w\" sizes=\"auto, (max-width: 1000px) 100vw, 1000px\" \/><\/figure>\n\n\n\n<figure class=\"wp-block-image size-large\"><img loading=\"lazy\" decoding=\"async\" width=\"1000\" height=\"658\" data-id=\"2800\" src=\"https:\/\/www.planetahh.com.br\/cruise\/wp-content\/uploads\/2022\/07\/hh2023-gastronomia-09.jpg\" alt=\"\" class=\"wp-image-2800\" srcset=\"https:\/\/www.planetahh.com.br\/cruise\/wp-content\/uploads\/2022\/07\/hh2023-gastronomia-09.jpg 1000w, https:\/\/www.planetahh.com.br\/cruise\/wp-content\/uploads\/2022\/07\/hh2023-gastronomia-09-300x197.jpg 300w, https:\/\/www.planetahh.com.br\/cruise\/wp-content\/uploads\/2022\/07\/hh2023-gastronomia-09-768x505.jpg 768w\" sizes=\"auto, (max-width: 1000px) 100vw, 1000px\" \/><\/figure>\n\n\n\n<figure class=\"wp-block-image size-large\"><img loading=\"lazy\" decoding=\"async\" width=\"1000\" height=\"658\" data-id=\"2805\" src=\"https:\/\/www.planetahh.com.br\/cruise\/wp-content\/uploads\/2022\/07\/hh2023-gastronomia-04.jpg\" alt=\"\" class=\"wp-image-2805\" srcset=\"https:\/\/www.planetahh.com.br\/cruise\/wp-content\/uploads\/2022\/07\/hh2023-gastronomia-04.jpg 1000w, https:\/\/www.planetahh.com.br\/cruise\/wp-content\/uploads\/2022\/07\/hh2023-gastronomia-04-300x197.jpg 300w, https:\/\/www.planetahh.com.br\/cruise\/wp-content\/uploads\/2022\/07\/hh2023-gastronomia-04-768x505.jpg 768w\" sizes=\"auto, (max-width: 1000px) 100vw, 1000px\" \/><\/figure>\n\n\n\n<figure class=\"wp-block-image size-large\"><img loading=\"lazy\" decoding=\"async\" width=\"1000\" height=\"658\" data-id=\"2807\" src=\"https:\/\/www.planetahh.com.br\/cruise\/wp-content\/uploads\/2022\/07\/hh2023-gastronomia-02.jpg\" alt=\"\" class=\"wp-image-2807\" srcset=\"https:\/\/www.planetahh.com.br\/cruise\/wp-content\/uploads\/2022\/07\/hh2023-gastronomia-02.jpg 1000w, https:\/\/www.planetahh.com.br\/cruise\/wp-content\/uploads\/2022\/07\/hh2023-gastronomia-02-300x197.jpg 300w, https:\/\/www.planetahh.com.br\/cruise\/wp-content\/uploads\/2022\/07\/hh2023-gastronomia-02-768x505.jpg 768w\" sizes=\"auto, (max-width: 1000px) 100vw, 1000px\" \/><\/figure>\n<\/figure>\n\n\n\n<div style=\"height:100px\" aria-hidden=\"true\" class=\"wp-block-spacer\"><\/div>\n\n\n\n<figure class=\"wp-block-embed is-type-video is-provider-youtube wp-block-embed-youtube wp-embed-aspect-16-9 wp-has-aspect-ratio\"><div class=\"wp-block-embed__wrapper\">\n<iframe loading=\"lazy\" title=\"H&amp;H FESTIVAL 2021 - CRUISE EDITION (H&amp;H TV: Line-up Gastron\u00f4mico)\" width=\"790\" height=\"444\" src=\"https:\/\/www.youtube.com\/embed\/GAaa7xalsKk?feature=oembed\" frameborder=\"0\" allow=\"accelerometer; autoplay; clipboard-write; encrypted-media; gyroscope; picture-in-picture\" allowfullscreen><\/iframe>\n<\/div><\/figure>\n","protected":false},"excerpt":{"rendered":"<p>Conhe\u00e7a a gastronomia de alt\u00edssimo padr\u00e3o internacional a bordo do Costa Favolosa com seu regime de Pens\u00e3o Completa Premium (caf\u00e9 da manh\u00e3, almo\u00e7o, jantar e ceia, exceto bebidas \u2013 consulte os pacotes especiais de bebidas comercializados antecipadamente e \u00e0 parte, exclusivamente a bordo) \u2013 nota: algumas categorias de su\u00edtes possuem servi\u00e7o Premium e Premium VIP [&hellip;]<\/p>\n","protected":false},"author":1,"featured_media":968,"parent":45,"menu_order":0,"comment_status":"closed","ping_status":"closed","template":"","meta":{"_eb_attr":"","footnotes":""},"class_list":["post-91","page","type-page","status-publish","has-post-thumbnail","hentry"],"_links":{"self":[{"href":"https:\/\/www.planetahh.com.br\/cruise\/wp-json\/wp\/v2\/pages\/91","targetHints":{"allow":["GET"]}}],"collection":[{"href":"https:\/\/www.planetahh.com.br\/cruise\/wp-json\/wp\/v2\/pages"}],"about":[{"href":"https:\/\/www.planetahh.com.br\/cruise\/wp-json\/wp\/v2\/types\/page"}],"author":[{"embeddable":true,"href":"https:\/\/www.planetahh.com.br\/cruise\/wp-json\/wp\/v2\/users\/1"}],"replies":[{"embeddable":true,"href":"https:\/\/www.planetahh.com.br\/cruise\/wp-json\/wp\/v2\/comments?post=91"}],"version-history":[{"count":4,"href":"https:\/\/www.planetahh.com.br\/cruise\/wp-json\/wp\/v2\/pages\/91\/revisions"}],"predecessor-version":[{"id":2811,"href":"https:\/\/www.planetahh.com.br\/cruise\/wp-json\/wp\/v2\/pages\/91\/revisions\/2811"}],"up":[{"embeddable":true,"href":"https:\/\/www.planetahh.com.br\/cruise\/wp-json\/wp\/v2\/pages\/45"}],"wp:featuredmedia":[{"embeddable":true,"href":"https:\/\/www.planetahh.com.br\/cruise\/wp-json\/wp\/v2\/media\/968"}],"wp:attachment":[{"href":"https:\/\/www.planetahh.com.br\/cruise\/wp-json\/wp\/v2\/media?parent=91"}],"curies":[{"name":"wp","href":"https:\/\/api.w.org\/{rel}","templated":true}]}}