{"id":89,"date":"2018-11-21T00:10:51","date_gmt":"2018-11-21T02:10:51","guid":{"rendered":"http:\/\/www.planetahh.com.br\/?page_id=89"},"modified":"2022-07-12T14:17:13","modified_gmt":"2022-07-12T17:17:13","slug":"cabines-e-suites","status":"publish","type":"page","link":"https:\/\/www.planetahh.com.br\/cruise\/navio\/cabines-e-suites\/","title":{"rendered":"Cabines e Su\u00edtes"},"content":{"rendered":"<h2>CABINE INTERNA<\/h2>\n<p><div class=\"alert grey\"><span style=\"color: #333333;\">\u25cf <span class=\"s14\">Nossa op\u00e7\u00e3o de Cabine mais econ\u00f4mica<\/span><span class=\"s14\">, com op\u00e7\u00f5es triplas e qu\u00e1druplas.<\/span><span class=\"s14\"><br \/>\n<\/span><span class=\"s14\">\u25cf\u00a0<\/span><span class=\"s14\">Cabine Interna com 14m\u00b2 sem vista, com posicionamento e <\/span><span class=\"s14\">pr\u00e9<\/span><span class=\"s14\">-aloca\u00e7\u00e3o rand\u00f4mica nos andares do navio<\/span><span class=\"s14\"> (<\/span><span class=\"s14\">jun\u00e7\u00e3o de categorias similares com denomina\u00e7\u00f5es \u201cIP\/IC\/CI\u201d<\/span><span class=\"s14\">). <\/span><span class=\"s14\"><br \/>\n<\/span><span class=\"s14\">\u25cf\u00a0<\/span><span class=\"s14\">Pens\u00e3o completa premium (exceto bebidas) e todos os benef\u00edcios b\u00e1sicos do pacote (festas a bordo e em terra, taxas e tarifas inclusas, todas as atividades e novos <\/span><span class=\"s14\">Line-<\/span><span class=\"s14\">ups <\/span><span class=\"s14\">Experienciais<\/span><span class=\"s14\">).<\/span><\/span><span style=\"color: #333333;\"><\/div><\/span><br \/>\n<a href=\"http:\/\/www.planetahh.com.br\/wp-content\/uploads\/2019\/11\/cabineinterna1.jpg\"><img loading=\"lazy\" decoding=\"async\" class=\"wp-image-996 alignnone\" src=\"http:\/\/www.planetahh.com.br\/wp-content\/uploads\/2019\/11\/cabineinterna1.jpg\" alt=\"CABINE INTERNA\" width=\"850\" height=\"277\" \/><\/a><\/p>\n<hr \/>\n<h2>CABINE EXTERNA<\/h2>\n<p><div class=\"alert grey\"><span style=\"color: #333333;\">\u25cf Nossa op\u00e7\u00e3o de Cabine econ\u00f4mica, tamb\u00e9m com op\u00e7\u00f5es triplas e qu\u00e1druplas (limitadas).<br \/>\n\u25cf Cabine Externa com 17m\u00b2 com vista para mar (total\/parcial e janela n\u00e3o abre), com posicionamento e pr\u00e9-aloca\u00e7\u00e3o rand\u00f4mica nos andares do navio (jun\u00e7\u00e3o de categorias similares com denomina\u00e7\u00f5es \u201cEC\/EP\/CE\u201d).<br \/>\n\u25cf Pens\u00e3o completa premium (exceto bebidas) e todos os benef\u00edcios b\u00e1sicos do pacote (festas a bordo e em terra, taxas e tarifas inclusas, todas as atividades e novos Line-ups Experienciais).<\/span><span style=\"color: #333333;\"><\/div><\/span><br \/>\n<a href=\"http:\/\/www.planetahh.com.br\/wp-content\/uploads\/2019\/11\/cabineexterna1.jpg\"><img loading=\"lazy\" decoding=\"async\" class=\"wp-image-996 alignnone\" src=\"http:\/\/www.planetahh.com.br\/wp-content\/uploads\/2019\/11\/cabineexterna1.jpg\" alt=\"CABINE EXTERNA\" width=\"850\" height=\"277\" \/><\/a><\/p>\n<hr \/>\n<h2>CABINE EXTERNA COM VARANDA e PLUS<\/h2>\n<p><div class=\"alert grey\"><span style=\"color: #333333;\">\u25cf <span class=\"s14\">Nossa op\u00e7\u00e3o de Cabine econ\u00f4mica, por\u00e9m mais espa\u00e7osa<\/span><span class=\"s14\">, <\/span><span class=\"s14\">tamb\u00e9m com op\u00e7\u00f5es triplas e qu\u00e1druplas<\/span><span class=\"s14\">. Nota: categoria \u201cPLUS\u201d mais espa\u00e7osa nos melhores andares do navio (<\/span><span class=\"s14\">Samsara<\/span><span class=\"s14\">)<\/span><span class=\"s14\">, por\u00e9m somente com op\u00e7\u00f5es duplas<\/span><span class=\"s14\">.<\/span><span class=\"s14\"><br \/>\n<\/span><span class=\"s14\">\u25cf\u00a0<\/span><span class=\"s14\">Cabine Externa com Varanda com <\/span><span class=\"s14\">2<\/span><span class=\"s14\">0<\/span><span class=\"s14\">m\u00b2<\/span><span class=\"s14\"> \u00a0a 23<\/span><span class=\"s14\">m\u00b2, varanda privativa e vista para o mar, com posicionamento e <\/span><span class=\"s14\">pr\u00e9<\/span><span class=\"s14\">-aloca\u00e7\u00e3o rand\u00f4mica nos andares do navio<\/span><span class=\"s14\"> (<\/span><span class=\"s14\">jun\u00e7\u00e3o de categorias similares com denomina\u00e7\u00f5es \u201cBC\/BP\u201d<\/span><span class=\"s14\"> \u2013 nota: no caso da \u201cPLUS\u201d categorias \u201cSB\u201d nos decks 10 e 11)<\/span><span class=\"s14\">.<\/span><span class=\"s14\"><br \/>\n<\/span><span class=\"s14\">\u25cf\u00a0<\/span><span class=\"s14\">Pens\u00e3o completa premium (exceto bebidas) e todos os benef\u00edcios b\u00e1sicos do pacote (festas a bordo e em terra, taxas e tarifas inclusas, todas as atividades e novos <\/span><span class=\"s14\">Line-ups<\/span><span class=\"s14\">Experienciais).<\/span><\/span><span style=\"color: #333333;\"><\/div><\/span><br \/>\n<a href=\"http:\/\/www.planetahh.com.br\/wp-content\/uploads\/2019\/11\/cabineexternavaranda1.jpg\"><img loading=\"lazy\" decoding=\"async\" class=\"wp-image-996 alignnone\" src=\"http:\/\/www.planetahh.com.br\/wp-content\/uploads\/2019\/11\/cabineexternavaranda1.jpg\" alt=\"CABINE EXTERNA COM VARANDA e PLUS:\" width=\"850\" height=\"277\" \/><\/a><\/p>\n<hr \/>\n<h2>MINI SUITE<\/h2>\n<p><div class=\"alert grey\"><span style=\"color: #333333;\">\u25cf <span class=\"s14\">Nossa op\u00e7\u00e3o de Su\u00edte Especial mais econ\u00f4mica, por\u00e9m com diferenciais exclusivos <\/span><span class=\"s14\">com varanda maior e com vista para o lindo rastro do navio no horizonte<\/span><span class=\"s14\">, <\/span><span class=\"s14\">dispon\u00edvel somente na configura\u00e7\u00e3o dupla.<\/span><span class=\"s14\"><br \/>\n<\/span><span class=\"s14\">\u25cf\u00a0<\/span><span class=\"s14\">Mini <\/span><span class=\"s14\">Suite<\/span><span class=\"s14\"> com 26m\u00b2 a 32m\u00b2, varanda privativa e vista para o mar, bem como <\/span><span class=\"s14\">pr\u00e9<\/span><span class=\"s14\">-aloca\u00e7\u00e3o em andar intermedi\u00e1rio do navio (<\/span><span class=\"s14\">jun\u00e7\u00e3o categorias com denomina\u00e7\u00f5es \u201cMS\u201d \u2013 Decks 6, 7 e 8<\/span><span class=\"s14\">) com posicionamento na popa.<\/span><span class=\"s14\"><br \/>\n<\/span><span class=\"s14\">\u25cf\u00a0<\/span><span class=\"s14\">Pens\u00e3o completa premium (exceto bebidas) e todos os benef\u00edcios b\u00e1sicos do pacote (festas a bordo e em terra, taxas e tarifas inclusas, todas as atividades e novos <\/span><span class=\"s14\">Line-ups<\/span><span class=\"s14\">Experienciais).<\/span><\/span><span style=\"color: #333333;\"><\/div><\/span><br \/>\n<a href=\"http:\/\/www.planetahh.com.br\/wp-content\/uploads\/2019\/11\/cabineminisuite1.jpg\"><img loading=\"lazy\" decoding=\"async\" class=\"wp-image-996 alignnone\" src=\"http:\/\/www.planetahh.com.br\/wp-content\/uploads\/2019\/11\/cabineminisuite1.jpg\" alt=\"MINI SUITE\" width=\"850\" height=\"277\" \/><\/a><\/p>\n<hr \/>\n<h2>GRAN SUITE<\/h2>\n<p><div class=\"alert grey\"><span style=\"color: #333333;\">\u25cf <span class=\"s14\">Nossa \u00fanica op\u00e7\u00e3o de Su\u00edte Especial que pode ser at\u00e9 <\/span><span class=\"s14\">q<\/span><span class=\"s14\">u\u00e1drupla (acomodando <\/span><span class=\"s14\">at\u00e9 <\/span><span class=\"s14\">4 pessoas)<\/span><span class=\"s14\">, ideal para grupos que queiram o melhor conforto com pacotes de servi\u00e7os inclusos. <\/span><span class=\"s14\"><br \/>\n<\/span><span class=\"s14\">\u25cf\u00a0<\/span><span class=\"s14\">Gran<\/span> <span class=\"s14\">Suite<\/span><span class=\"s14\"> com 31m\u00b2 a 42m\u00b2, varanda privativa e vista para o mar, banheiro com cuba dupla e <\/span><span class=\"s14\">chuveiro de cromoterapia<\/span><span class=\"s14\">, bem como <\/span><span class=\"s14\">pr\u00e9<\/span><span class=\"s14\">-aloca\u00e7\u00e3o em andar intermedi\u00e1rio do navio (<\/span><span class=\"s14\">jun\u00e7\u00e3o categorias com denomina\u00e7\u00f5es \u201cS\/GS\u201d \u2013 Decks 7 e 9<\/span><span class=\"s14\">) com posicionamento central e na proa.<\/span><span class=\"s14\"><br \/>\n<\/span><span class=\"s14\">\u25cf\u00a0<\/span><span class=\"s14\">Amenidades do Pacote de Servi\u00e7o Premium incluso: check-in diferenciado, concierge, <\/span><span class=\"s14\">welcome<\/span><span class=\"s14\"> kit especial, restaurante privativo Costa Club, pacote de bebidas Standard incluso <\/span><span class=\"s14\">(consulte) e acesso \u00e0 \u00c1rea VIP.<\/span><span class=\"s14\"><br \/>\n<\/span><span class=\"s14\">\u25cf\u00a0<\/span><span class=\"s14\">Pens\u00e3o completa premium e todos os benef\u00edcios b\u00e1sicos do pacote (festas a bordo e em terra, taxas e tarifas inclusas, todas as atividades e novos <\/span><span class=\"s14\">Line-ups<\/span><span class=\"s14\"> Experienciais).<\/span><\/span><span style=\"color: #333333;\"><\/div><\/span><br \/>\n<a href=\"http:\/\/www.planetahh.com.br\/wp-content\/uploads\/2019\/11\/cabinegrandsuite1-1.jpg\"><img loading=\"lazy\" decoding=\"async\" class=\"wp-image-996 alignnone\" src=\"http:\/\/www.planetahh.com.br\/wp-content\/uploads\/2019\/11\/cabinegrandsuite1-1.jpg\" alt=\"GRAN SUITE\" width=\"850\" height=\"277\" \/><\/a><\/p>\n<hr \/>\n<h2>MASTER SUITE<\/h2>\n<p><div class=\"alert grey\"><span style=\"color: #333333;\">\u25cf <span class=\"s14\"> U<\/span><span class=\"s14\">ma das op\u00e7\u00f5es de Su\u00edtes Especiais mais Premium de nosso navio, <\/span><span class=\"s14\">dispon\u00edvel somente na configura\u00e7\u00e3o dupla<\/span><span class=\"s14\">, em andar privado. <\/span><span class=\"s14\"><br \/>\n<\/span><span class=\"s14\">\u25cf\u00a0<\/span><span class=\"s14\">Master <\/span><span class=\"s14\">Suite<\/span><span class=\"s14\"> com 31m\u00b2 a 42m\u00b2, varanda privativa e vista para o mar, banheiro com cuba dupla e <\/span><span class=\"s14\">chuveiro de cromoterapia<\/span><span class=\"s14\">, bem como <\/span><span class=\"s14\">pr\u00e9<\/span><span class=\"s14\">-aloca\u00e7\u00e3o em andar alto do navio (<\/span><span class=\"s14\">jun\u00e7\u00e3o categorias com denomina\u00e7\u00f5es \u201cSU\u201d \u2013 <\/span><span class=\"s14\">Samsara<\/span><span class=\"s14\">, Deck 10<\/span><span class=\"s14\">) com posicionamento na proa.<\/span><span class=\"s14\"><br \/>\n<\/span><span class=\"s14\">\u25cf\u00a0<\/span><span class=\"s14\">Amenidades do Pacote de Servi\u00e7o Premium VIP incluso: check-in priorit\u00e1rio, concierge, <\/span><span class=\"s14\">welcome<\/span><span class=\"s14\"> kit especial, restaurante privativo Costa Club, pacote de bebidas Premium incluso (consulte), pacote <\/span><span class=\"s14\">Samsara<\/span><span class=\"s14\"> SPA incluso (consulte) e acesso \u00e0 \u00c1rea VIP com mesa privativa.<\/span><span class=\"s14\"><br \/>\n<\/span><span class=\"s14\">\u25cf\u00a0<\/span><span class=\"s14\">Pens\u00e3o completa premium e todos os benef\u00edcios b\u00e1sicos do pacote (festas a bordo e em terra, taxas e tarifas inclusas, todas as atividades e novos <\/span><span class=\"s14\">Line-ups<\/span><span class=\"s14\"> Experienciais).<\/span><\/span><span style=\"color: #333333;\"><\/div><\/span><br \/>\n<a href=\"http:\/\/www.planetahh.com.br\/wp-content\/uploads\/2019\/11\/cabinemastersuite1-2.jpg\"><img loading=\"lazy\" decoding=\"async\" class=\"wp-image-996 alignnone\" src=\"http:\/\/www.planetahh.com.br\/wp-content\/uploads\/2019\/11\/cabinemastersuite1-2.jpg\" alt=\"MASTER SUITE\" width=\"850\" height=\"277\" \/><\/a><\/p>\n<hr \/>\n<h2>PRESIDENTIAL SUITE<\/h2>\n<p><div class=\"alert grey\"><span style=\"color: #333333;\">\u25cf <span class=\"s14\">A op\u00e7\u00e3o de Su\u00edte Especial mais Premium, Exclusiva e Privativa de nosso navio, <\/span><span class=\"s14\">dispon\u00edvel somente na configura\u00e7\u00e3o dupla, em andar privado<\/span><span class=\"s14\">. <\/span><span class=\"s14\"><br \/>\n<\/span><span class=\"s14\">\u25cf <\/span><span class=\"s14\">Presidential<\/span> <span class=\"s14\">Suite<\/span><span class=\"s14\"> com 47m\u00b2, com <\/span><span class=\"s14\">varanda privativa estendida<\/span><span class=\"s14\"> (limitado) e vista para o mar, jacuzzi na sacada, banheiro com cuba dupla e banheira<\/span><span class=\"s14\"> ou chuveiro de cromoterapia<\/span><span class=\"s14\">, bem como <\/span><span class=\"s14\">pr\u00e9<\/span><span class=\"s14\">-aloca\u00e7\u00e3o em andar alto do navio (<\/span><span class=\"s14\">jun\u00e7\u00e3o categorias com denomina\u00e7\u00f5es \u201cSV\/SG\u201d \u2013 <\/span><span class=\"s14\">Samsara<\/span><span class=\"s14\">, Deck 10<\/span><span class=\"s14\">) com posicionamento na proa.<\/span><span class=\"s14\"><br \/>\n<\/span><span class=\"s14\">\u25cf Amenidades do Pacote de Servi\u00e7o Premium VIP incluso: check-in priorit\u00e1rio, concierge, <\/span><span class=\"s14\">welcome<\/span><span class=\"s14\"> kit especial, restaurante privativo Costa Club, pacote de bebidas Premium incluso (consulte), pacote <\/span><span class=\"s14\">Samsara<\/span><span class=\"s14\"> SPA incluso (consulte) e acesso \u00e0 \u00c1rea VIP com mesa privativa.<\/span><span class=\"s14\"><br \/>\n<\/span><span class=\"s14\">\u25cf\u00a0<\/span><span class=\"s14\">Pens\u00e3o completa premium e todos os benef\u00edcios b\u00e1sicos do pacote (festas a bordo e em terra, taxas e tarifas inclusas, todas as atividades e novos <\/span><span class=\"s14\">Line-ups<\/span><span class=\"s14\"> Experienciais).<\/span><\/span><span style=\"color: #333333;\"><\/div><\/span><br \/>\n<a href=\"http:\/\/www.planetahh.com.br\/wp-content\/uploads\/2019\/11\/cabinepresidentialsuite1.jpg\"><img loading=\"lazy\" decoding=\"async\" class=\"wp-image-996 alignnone\" src=\"http:\/\/www.planetahh.com.br\/wp-content\/uploads\/2019\/11\/cabinepresidentialsuite1.jpg\" alt=\"PRESIDENTIAL SUITE\" width=\"850\" height=\"277\" \/><\/a><\/p>\n","protected":false},"excerpt":{"rendered":"<p>CABINE INTERNA CABINE EXTERNA CABINE EXTERNA COM VARANDA e PLUS MINI SUITE GRAN SUITE MASTER SUITE PRESIDENTIAL SUITE<\/p>\n","protected":false},"author":1,"featured_media":0,"parent":45,"menu_order":0,"comment_status":"closed","ping_status":"closed","template":"","meta":{"_eb_attr":"","footnotes":""},"class_list":["post-89","page","type-page","status-publish","hentry"],"_links":{"self":[{"href":"https:\/\/www.planetahh.com.br\/cruise\/wp-json\/wp\/v2\/pages\/89","targetHints":{"allow":["GET"]}}],"collection":[{"href":"https:\/\/www.planetahh.com.br\/cruise\/wp-json\/wp\/v2\/pages"}],"about":[{"href":"https:\/\/www.planetahh.com.br\/cruise\/wp-json\/wp\/v2\/types\/page"}],"author":[{"embeddable":true,"href":"https:\/\/www.planetahh.com.br\/cruise\/wp-json\/wp\/v2\/users\/1"}],"replies":[{"embeddable":true,"href":"https:\/\/www.planetahh.com.br\/cruise\/wp-json\/wp\/v2\/comments?post=89"}],"version-history":[{"count":1,"href":"https:\/\/www.planetahh.com.br\/cruise\/wp-json\/wp\/v2\/pages\/89\/revisions"}],"predecessor-version":[{"id":2796,"href":"https:\/\/www.planetahh.com.br\/cruise\/wp-json\/wp\/v2\/pages\/89\/revisions\/2796"}],"up":[{"embeddable":true,"href":"https:\/\/www.planetahh.com.br\/cruise\/wp-json\/wp\/v2\/pages\/45"}],"wp:attachment":[{"href":"https:\/\/www.planetahh.com.br\/cruise\/wp-json\/wp\/v2\/media?parent=89"}],"curies":[{"name":"wp","href":"https:\/\/api.w.org\/{rel}","templated":true}]}}