{"id":45,"date":"2018-11-10T20:07:03","date_gmt":"2018-11-10T22:07:03","guid":{"rendered":"http:\/\/www.planetahh.com.br\/?page_id=45"},"modified":"2022-07-12T18:25:56","modified_gmt":"2022-07-12T21:25:56","slug":"navio","status":"publish","type":"page","link":"https:\/\/www.planetahh.com.br\/cruise\/navio\/","title":{"rendered":"Navio"},"content":{"rendered":"\n<h2 class=\"wp-block-heading\">Um novo navio para um novo CRUISE EDITION do H&amp;H em 2023!<\/h2>\n\n\n\n<p>Boas-vindas a bordo do <strong>COSTA FAVOLOSA<\/strong>, uma nova aventura que o <strong>H&amp;H FESTIVAL<\/strong> te proporcionar\u00e1 no ano de 2023 de 6 a 9 de Abril (feriado), com sa\u00edda e retorno do Porto de Santos (S\u00e3o Paulo), um novo destino com um itiner\u00e1rio que vai te surpreender, contando com 4 dias e 3 noites, uma nova parada in\u00e9dita e exclusiva, al\u00e9m de 8 festas (em terra e ao mar), mais de 30 atra\u00e7\u00f5es e novos Line-ups Experienciais, milhares de pessoas dos quatro cantos do mundo e um navio todo para chamar de seu.<\/p>\n\n\n\n<figure class=\"wp-block-gallery has-nested-images columns-3 is-cropped wp-block-gallery-1 is-layout-flex wp-block-gallery-is-layout-flex\">\n<figure class=\"wp-block-image size-large\"><a href=\"https:\/\/www.planetahh.com.br\/cruise\/wp-content\/uploads\/2022\/07\/hh2023-navio-01.jpg\"><img loading=\"lazy\" decoding=\"async\" width=\"1000\" height=\"658\" data-id=\"2784\" src=\"https:\/\/www.planetahh.com.br\/cruise\/wp-content\/uploads\/2022\/07\/hh2023-navio-01.jpg\" alt=\"\" class=\"wp-image-2784\" srcset=\"https:\/\/www.planetahh.com.br\/cruise\/wp-content\/uploads\/2022\/07\/hh2023-navio-01.jpg 1000w, https:\/\/www.planetahh.com.br\/cruise\/wp-content\/uploads\/2022\/07\/hh2023-navio-01-300x197.jpg 300w, https:\/\/www.planetahh.com.br\/cruise\/wp-content\/uploads\/2022\/07\/hh2023-navio-01-768x505.jpg 768w\" sizes=\"auto, (max-width: 1000px) 100vw, 1000px\" \/><\/a><\/figure>\n\n\n\n<figure class=\"wp-block-image size-large\"><a href=\"https:\/\/www.planetahh.com.br\/cruise\/wp-content\/uploads\/2022\/07\/hh2023-navio-04.jpg\"><img loading=\"lazy\" decoding=\"async\" width=\"1000\" height=\"658\" data-id=\"2785\" src=\"https:\/\/www.planetahh.com.br\/cruise\/wp-content\/uploads\/2022\/07\/hh2023-navio-04.jpg\" alt=\"\" class=\"wp-image-2785\" srcset=\"https:\/\/www.planetahh.com.br\/cruise\/wp-content\/uploads\/2022\/07\/hh2023-navio-04.jpg 1000w, https:\/\/www.planetahh.com.br\/cruise\/wp-content\/uploads\/2022\/07\/hh2023-navio-04-300x197.jpg 300w, https:\/\/www.planetahh.com.br\/cruise\/wp-content\/uploads\/2022\/07\/hh2023-navio-04-768x505.jpg 768w\" sizes=\"auto, (max-width: 1000px) 100vw, 1000px\" \/><\/a><\/figure>\n\n\n\n<figure class=\"wp-block-image size-large\"><a href=\"https:\/\/www.planetahh.com.br\/cruise\/wp-content\/uploads\/2022\/07\/hh2023-navio-03.jpg\"><img loading=\"lazy\" decoding=\"async\" width=\"1000\" height=\"658\" data-id=\"2786\" src=\"https:\/\/www.planetahh.com.br\/cruise\/wp-content\/uploads\/2022\/07\/hh2023-navio-03.jpg\" alt=\"\" class=\"wp-image-2786\" srcset=\"https:\/\/www.planetahh.com.br\/cruise\/wp-content\/uploads\/2022\/07\/hh2023-navio-03.jpg 1000w, https:\/\/www.planetahh.com.br\/cruise\/wp-content\/uploads\/2022\/07\/hh2023-navio-03-300x197.jpg 300w, https:\/\/www.planetahh.com.br\/cruise\/wp-content\/uploads\/2022\/07\/hh2023-navio-03-768x505.jpg 768w\" sizes=\"auto, (max-width: 1000px) 100vw, 1000px\" \/><\/a><\/figure>\n\n\n\n<figure class=\"wp-block-image size-large\"><a href=\"https:\/\/www.planetahh.com.br\/cruise\/wp-content\/uploads\/2022\/07\/hh2023-navio-02.jpg\"><img loading=\"lazy\" decoding=\"async\" width=\"1000\" height=\"658\" data-id=\"2787\" src=\"https:\/\/www.planetahh.com.br\/cruise\/wp-content\/uploads\/2022\/07\/hh2023-navio-02.jpg\" alt=\"\" class=\"wp-image-2787\" srcset=\"https:\/\/www.planetahh.com.br\/cruise\/wp-content\/uploads\/2022\/07\/hh2023-navio-02.jpg 1000w, https:\/\/www.planetahh.com.br\/cruise\/wp-content\/uploads\/2022\/07\/hh2023-navio-02-300x197.jpg 300w, https:\/\/www.planetahh.com.br\/cruise\/wp-content\/uploads\/2022\/07\/hh2023-navio-02-768x505.jpg 768w\" sizes=\"auto, (max-width: 1000px) 100vw, 1000px\" \/><\/a><\/figure>\n<\/figure>\n","protected":false},"excerpt":{"rendered":"<p>Um novo navio para um novo CRUISE EDITION do H&amp;H em 2023! Boas-vindas a bordo do COSTA FAVOLOSA, uma nova aventura que o H&amp;H FESTIVAL te proporcionar\u00e1 no ano de 2023 de 6 a 9 de Abril (feriado), com sa\u00edda e retorno do Porto de Santos (S\u00e3o Paulo), um novo destino com um itiner\u00e1rio que [&hellip;]<\/p>\n","protected":false},"author":1,"featured_media":2787,"parent":0,"menu_order":0,"comment_status":"closed","ping_status":"closed","template":"","meta":{"_eb_attr":"","footnotes":""},"class_list":["post-45","page","type-page","status-publish","has-post-thumbnail","hentry"],"_links":{"self":[{"href":"https:\/\/www.planetahh.com.br\/cruise\/wp-json\/wp\/v2\/pages\/45","targetHints":{"allow":["GET"]}}],"collection":[{"href":"https:\/\/www.planetahh.com.br\/cruise\/wp-json\/wp\/v2\/pages"}],"about":[{"href":"https:\/\/www.planetahh.com.br\/cruise\/wp-json\/wp\/v2\/types\/page"}],"author":[{"embeddable":true,"href":"https:\/\/www.planetahh.com.br\/cruise\/wp-json\/wp\/v2\/users\/1"}],"replies":[{"embeddable":true,"href":"https:\/\/www.planetahh.com.br\/cruise\/wp-json\/wp\/v2\/comments?post=45"}],"version-history":[{"count":4,"href":"https:\/\/www.planetahh.com.br\/cruise\/wp-json\/wp\/v2\/pages\/45\/revisions"}],"predecessor-version":[{"id":2835,"href":"https:\/\/www.planetahh.com.br\/cruise\/wp-json\/wp\/v2\/pages\/45\/revisions\/2835"}],"wp:featuredmedia":[{"embeddable":true,"href":"https:\/\/www.planetahh.com.br\/cruise\/wp-json\/wp\/v2\/media\/2787"}],"wp:attachment":[{"href":"https:\/\/www.planetahh.com.br\/cruise\/wp-json\/wp\/v2\/media?parent=45"}],"curies":[{"name":"wp","href":"https:\/\/api.w.org\/{rel}","templated":true}]}}