{"id":2573,"date":"2022-05-12T15:05:20","date_gmt":"2022-05-12T18:05:20","guid":{"rendered":"https:\/\/planetahh.com.br\/resort\/?page_id=2573"},"modified":"2023-03-22T23:57:22","modified_gmt":"2023-03-23T02:57:22","slug":"adicionais","status":"publish","type":"page","link":"https:\/\/www.planetahh.com.br\/cruise\/pacotes\/adicionais\/","title":{"rendered":"Adicionais"},"content":{"rendered":"<div class=\"wp-block-image is-style-default\">\n<figure class=\"aligncenter size-large\"><img loading=\"lazy\" decoding=\"async\" width=\"1024\" height=\"110\" src=\"https:\/\/www.planetahh.com.br\/cruise\/wp-content\/uploads\/2022\/09\/HH2023-bebidas-basic-1024x110.png\" alt=\"\" class=\"wp-image-2991\" srcset=\"https:\/\/www.planetahh.com.br\/cruise\/wp-content\/uploads\/2022\/09\/HH2023-bebidas-basic-1024x110.png 1024w, https:\/\/www.planetahh.com.br\/cruise\/wp-content\/uploads\/2022\/09\/HH2023-bebidas-basic-300x32.png 300w, https:\/\/www.planetahh.com.br\/cruise\/wp-content\/uploads\/2022\/09\/HH2023-bebidas-basic-768x82.png 768w, https:\/\/www.planetahh.com.br\/cruise\/wp-content\/uploads\/2022\/09\/HH2023-bebidas-basic.png 1120w\" sizes=\"auto, (max-width: 1024px) 100vw, 1024px\" \/><\/figure>\n<\/div>\n\n\n<p class=\"has-text-align-center\">Sele\u00e7\u00e3o de bebidas exclusivamente n\u00e3o alco\u00f3licas, durante refei\u00e7\u00f5es e eventos a bordo com servi\u00e7o em copo.<\/p>\n\n\n\n<p class=\"has-text-align-center\"><strong>ATEN\u00c7\u00c3O: <\/strong>este \u00e9 um EXTRA de GRUPO e n\u00e3o \u00e9 v\u00e1lida venda individual, todos os passageiros na mesma cabine devem adquirir conjuntamente este pacote.<br>Consulte detalhamento, base pacote &#8220;MY SOFT DRINKS&#8221;, sujeito a altera\u00e7\u00e3o diretamente pela Costa.<\/p>\n\n\n\n<h2 class=\"has-text-align-center has-vivid-red-color has-cyan-bluish-gray-background-color has-text-color has-background wp-block-heading\">ESGOTADO!<\/h2>\n\n\n\n<div style=\"height:35px\" aria-hidden=\"true\" class=\"wp-block-spacer\"><\/div>\n\n\n<div class=\"wp-block-image is-style-default\">\n<figure class=\"aligncenter size-large\"><img loading=\"lazy\" decoding=\"async\" width=\"1024\" height=\"110\" src=\"https:\/\/www.planetahh.com.br\/cruise\/wp-content\/uploads\/2022\/09\/HH2023-bebidas-standard-1024x110.png\" alt=\"\" class=\"wp-image-3020\" srcset=\"https:\/\/www.planetahh.com.br\/cruise\/wp-content\/uploads\/2022\/09\/HH2023-bebidas-standard-1024x110.png 1024w, https:\/\/www.planetahh.com.br\/cruise\/wp-content\/uploads\/2022\/09\/HH2023-bebidas-standard-300x32.png 300w, https:\/\/www.planetahh.com.br\/cruise\/wp-content\/uploads\/2022\/09\/HH2023-bebidas-standard-768x82.png 768w, https:\/\/www.planetahh.com.br\/cruise\/wp-content\/uploads\/2022\/09\/HH2023-bebidas-standard.png 1120w\" sizes=\"auto, (max-width: 1024px) 100vw, 1024px\" \/><\/figure>\n<\/div>\n\n\n<p class=\"has-text-align-center\">Sele\u00e7\u00e3o de bebidas alco\u00f3licas e n\u00e3o alco\u00f3licas ilimitadas dentro de card\u00e1pio pr\u00e9-determinado, durante refei\u00e7\u00f5es e eventos a bordo com servi\u00e7o em copo.<\/p>\n\n\n\n<p class=\"has-text-align-center\"><strong>ATEN\u00c7\u00c3O: <\/strong>este \u00e9 um EXTRA de GRUPO e n\u00e3o \u00e9 v\u00e1lida venda individual, todos os passageiros na mesma cabine devem adquirir conjuntamente este pacote.<br>Consulte detalhamento, base pacote &#8220;MY DRINKS&#8221;, sujeito a altera\u00e7\u00e3o diretamente pela Costa.<\/p>\n\n\n\n<h2 class=\"has-text-align-center has-vivid-red-color has-cyan-bluish-gray-background-color has-text-color has-background wp-block-heading\">ESGOTADO!<\/h2>\n\n\n\n<div style=\"height:35px\" aria-hidden=\"true\" class=\"wp-block-spacer\"><\/div>\n\n\n<div class=\"wp-block-image is-style-default\">\n<figure class=\"aligncenter size-large\"><img loading=\"lazy\" decoding=\"async\" width=\"1024\" height=\"110\" src=\"https:\/\/www.planetahh.com.br\/cruise\/wp-content\/uploads\/2022\/09\/HH2023-bebidas-premium-1024x110.png\" alt=\"\" class=\"wp-image-3021\" srcset=\"https:\/\/www.planetahh.com.br\/cruise\/wp-content\/uploads\/2022\/09\/HH2023-bebidas-premium-1024x110.png 1024w, https:\/\/www.planetahh.com.br\/cruise\/wp-content\/uploads\/2022\/09\/HH2023-bebidas-premium-300x32.png 300w, https:\/\/www.planetahh.com.br\/cruise\/wp-content\/uploads\/2022\/09\/HH2023-bebidas-premium-768x82.png 768w, https:\/\/www.planetahh.com.br\/cruise\/wp-content\/uploads\/2022\/09\/HH2023-bebidas-premium.png 1120w\" sizes=\"auto, (max-width: 1024px) 100vw, 1024px\" \/><\/figure>\n<\/div>\n\n\n<p class=\"has-text-align-center\">Pacote completo e ilimitado de bebidas alco\u00f3licas e n\u00e3o alco\u00f3licas, com todos os itens do Standard mas com demais marcas Premium, durante refei\u00e7\u00f5es e eventos a bordo, incluindo tamb\u00e9m Red Bull e Frigobar.<\/p>\n\n\n\n<p class=\"has-text-align-center\"><strong>ATEN\u00c7\u00c3O:<\/strong> este \u00e9 um EXTRA de GRUPO e n\u00e3o \u00e9 v\u00e1lida venda individual, todos os passageiros na mesma cabine devem adquirir conjuntamente este pacote.<br>Consulte detalhamento, base pacote &#8220;MY DRINKS PLUS&#8221;, sujeito a altera\u00e7\u00e3o diretamente pela Costa<\/p>\n\n\n\n<h2 class=\"has-text-align-center has-vivid-red-color has-cyan-bluish-gray-background-color has-text-color has-background wp-block-heading\">ESGOTADO!<\/h2>\n\n\n\n<div style=\"height:70px\" aria-hidden=\"true\" class=\"wp-block-spacer\"><\/div>\n\n\n<div class=\"wp-block-image is-style-default\">\n<figure class=\"aligncenter size-large\"><img decoding=\"async\" src=\"https:\/\/planetahh.com.br\/resort\/wp-content\/uploads\/2022\/05\/HH2023-Chamada-UpgradeVIP-1024x110.png\" alt=\"\" class=\"wp-image-2576\"\/><\/figure>\n<\/div>\n\n\n<p class=\"has-text-align-center\">Pulseira de acesso \u00e0 \u00c1rea VIP, Deck VIP e outros servi\u00e7os adicionais, como convites priorit\u00e1rios de degusta\u00e7\u00f5es dos Line-ups Experienciais e derivados.<\/p>\n\n\n\n<p class=\"has-text-align-center\">Gran, Master e Presidential Suites j\u00e1 possuem este produto extra incluso. Sem voucher de consuma\u00e7\u00e3o.<\/p>\n\n\n\n<h2 class=\"has-text-align-center has-vivid-red-color has-cyan-bluish-gray-background-color has-text-color has-background wp-block-heading\">ESGOTADO!<\/h2>\n\n\n\n<div style=\"height:35px\" aria-hidden=\"true\" class=\"wp-block-spacer\"><\/div>\n\n\n\n<figure class=\"wp-block-image size-large is-style-default\"><img loading=\"lazy\" decoding=\"async\" width=\"1024\" height=\"110\" src=\"https:\/\/www.planetahh.com.br\/cruise\/wp-content\/uploads\/2023\/03\/HH2023-Traslado-1024x110.png\" alt=\"\" class=\"wp-image-4783\" srcset=\"https:\/\/www.planetahh.com.br\/cruise\/wp-content\/uploads\/2023\/03\/HH2023-Traslado-1024x110.png 1024w, https:\/\/www.planetahh.com.br\/cruise\/wp-content\/uploads\/2023\/03\/HH2023-Traslado-300x32.png 300w, https:\/\/www.planetahh.com.br\/cruise\/wp-content\/uploads\/2023\/03\/HH2023-Traslado-768x82.png 768w, https:\/\/www.planetahh.com.br\/cruise\/wp-content\/uploads\/2023\/03\/HH2023-Traslado.png 1120w\" sizes=\"auto, (max-width: 1024px) 100vw, 1024px\" \/><\/figure>\n\n\n\n<div class=\"wp-block-columns is-layout-flex wp-container-core-columns-is-layout-9d6595d7 wp-block-columns-is-layout-flex\">\n<div class=\"wp-block-column is-layout-flow wp-block-column-is-layout-flow\">\n<p class=\"has-text-align-center has-background\" style=\"background-color:#f1f1f1\"><strong><font size=\"4\">IDA<\/font><\/strong><br><strong><font size=\"6\">R$ 120,00<\/font><\/strong><br><font size=\"2\">(por pessoa)<\/font><\/p>\n<\/div>\n\n\n\n<div class=\"wp-block-column is-layout-flow wp-block-column-is-layout-flow\">\n<p class=\"has-text-align-center has-background\" style=\"background-color:#f1f1f1\"><strong>VOLTA<\/strong><br><strong><font size=\"6\">R$ 120,00<\/font><\/strong><br><font size=\"2\">(por pessoa)<\/font><\/p>\n\n\n\n<div class=\"wp-block-buttons is-layout-flex wp-block-buttons-is-layout-flex\"><\/div>\n<\/div>\n\n\n\n<div class=\"wp-block-column is-layout-flow wp-block-column-is-layout-flow\">\n<p class=\"has-text-align-center has-background\" style=\"background-color:#f1f1f1\"><strong><font size=\"4\">IDA E VOLTA<\/font><\/strong><br><strong><font size=\"6\">R$ 240,00<\/font><\/strong><br><font size=\"2\">(por pessoa)<\/font><\/p>\n<\/div>\n<\/div>\n\n\n\n<div class=\"wp-block-buttons is-content-justification-center is-layout-flex wp-container-core-buttons-is-layout-16018d1d wp-block-buttons-is-layout-flex\">\n<div class=\"wp-block-button\"><a class=\"wp-block-button__link has-white-color has-text-color wp-element-button\" href=\"https:\/\/hhfestival2023cruiseedition.busup.com\/home\" style=\"border-radius:0px\" target=\"_blank\" rel=\"noreferrer noopener\"><strong>RESERVE SEU TRASLADO<\/strong><\/a><\/div>\n<\/div>\n\n\n\n<div style=\"height:35px\" aria-hidden=\"true\" class=\"wp-block-spacer\"><\/div>\n\n\n\n<div style=\"height:35px\" aria-hidden=\"true\" class=\"wp-block-spacer\"><\/div>\n\n\n<div class=\"alert grey\"><strong>OBSERVA\u00c7\u00d5ES:<\/strong><br \/>\n\u25cf  CLUBE H&amp;H: produtos resgatados por meio do programa de fidelidade devem seguir as regras e condi\u00e7\u00f5es espec\u00edficas deste.<\/p>\n<p><i>OBS: servi\u00e7os adicionais dever\u00e3o ser comprados \u00e0 parte e exclusivamente para quem j\u00e1 garantiu seu pacote oficial do festival, podendo ser inclu\u00eddo a qualquer tempo (mediante disponibilidade), bem como s\u00e3o de responsabilidade \u00fanica e exclusiva de seus fornecedores terceiros, onde o cliente isenta desde j\u00e1 quaisquer responsabilidades da H&amp;H Entretenimento neste sentido. Consulte todas as regras e condi\u00e7\u00f5es destes produtos extras.<\/i><\/div>\n","protected":false},"excerpt":{"rendered":"<p>Sele\u00e7\u00e3o de bebidas exclusivamente n\u00e3o alco\u00f3licas, durante refei\u00e7\u00f5es e eventos a bordo com servi\u00e7o em copo. ATEN\u00c7\u00c3O: este \u00e9 um EXTRA de GRUPO e n\u00e3o \u00e9 v\u00e1lida venda individual, todos os passageiros na mesma cabine devem adquirir conjuntamente este pacote.Consulte detalhamento, base pacote &#8220;MY SOFT DRINKS&#8221;, sujeito a altera\u00e7\u00e3o diretamente pela Costa. ESGOTADO! Sele\u00e7\u00e3o de [&hellip;]<\/p>\n","protected":false},"author":1,"featured_media":0,"parent":62,"menu_order":0,"comment_status":"closed","ping_status":"closed","template":"","meta":{"_eb_attr":"","footnotes":""},"class_list":["post-2573","page","type-page","status-publish","hentry"],"_links":{"self":[{"href":"https:\/\/www.planetahh.com.br\/cruise\/wp-json\/wp\/v2\/pages\/2573","targetHints":{"allow":["GET"]}}],"collection":[{"href":"https:\/\/www.planetahh.com.br\/cruise\/wp-json\/wp\/v2\/pages"}],"about":[{"href":"https:\/\/www.planetahh.com.br\/cruise\/wp-json\/wp\/v2\/types\/page"}],"author":[{"embeddable":true,"href":"https:\/\/www.planetahh.com.br\/cruise\/wp-json\/wp\/v2\/users\/1"}],"replies":[{"embeddable":true,"href":"https:\/\/www.planetahh.com.br\/cruise\/wp-json\/wp\/v2\/comments?post=2573"}],"version-history":[{"count":19,"href":"https:\/\/www.planetahh.com.br\/cruise\/wp-json\/wp\/v2\/pages\/2573\/revisions"}],"predecessor-version":[{"id":4838,"href":"https:\/\/www.planetahh.com.br\/cruise\/wp-json\/wp\/v2\/pages\/2573\/revisions\/4838"}],"up":[{"embeddable":true,"href":"https:\/\/www.planetahh.com.br\/cruise\/wp-json\/wp\/v2\/pages\/62"}],"wp:attachment":[{"href":"https:\/\/www.planetahh.com.br\/cruise\/wp-json\/wp\/v2\/media?parent=2573"}],"curies":[{"name":"wp","href":"https:\/\/api.w.org\/{rel}","templated":true}]}}