{"id":2013,"date":"2021-12-03T13:09:28","date_gmt":"2021-12-03T16:09:28","guid":{"rendered":"https:\/\/www.planetahh.com.br\/?page_id=2013"},"modified":"2023-03-31T10:58:12","modified_gmt":"2023-03-31T13:58:12","slug":"lista-de-itens-proibidos","status":"publish","type":"page","link":"https:\/\/www.planetahh.com.br\/cruise\/lista-de-itens-proibidos\/","title":{"rendered":"Lista de \u00edtens permitidos e proibidos"},"content":{"rendered":"\n<h1 class=\"wp-block-heading has-text-align-center has-luminous-vivid-amber-color has-black-background-color has-text-color has-background\">CONFIRA A LISTA DOS \u00cdTENS<\/h1>\n\n\n\n<div style=\"height:50px\" aria-hidden=\"true\" class=\"wp-block-spacer\"><\/div>\n\n\n\n<h2 class=\"wp-block-heading\">\u2705 LISTA DE ITENS PERMITIDOS PARA LEVAR \u2705<\/h2>\n\n\n\n<p>\u2714\ufe0f Documentos pessoais e de viagem;<br>\u2714\ufe0f Medicamentos e dispositivos m\u00e9dicos;<br>\u2714\ufe0f M\u00e1scaras de prote\u00e7\u00e3o e gel desinfetante para as m\u00e3os;<br>\u2714\ufe0f Cart\u00e3o de cr\u00e9dito ou dinheiro;<br>\u2714\ufe0f Telefone e carregador;<br>\u2714\ufe0f Preservativos e gel \u00edntimo;<br>\u2714\ufe0f Protetor solar, bon\u00e9s, \u00f3culos de sol, sungas e mai\u00f4s;<br>\u2714\ufe0f Looks e acess\u00f3rios confort\u00e1veis para entrar no clima das festas tem\u00e1ticas;<br>\u2714\ufe0f Cal\u00e7ados confort\u00e1veis \u200b\u200bpara desfrutar os eventos com total tranquilidade.<\/p>\n\n\n\n<h2 class=\"wp-block-heading\">\ud83d\udc4d\ud83c\udffc O QUE VOC\u00ca ENCONTRA A BORDO DO NAVIO \ud83d\udc4d\ud83c\udffc<\/h2>\n\n\n\n<p>\u2714\ufe0f Toalhas;<br>\u2714\ufe0f Sabonete, shampoo e sabonete l\u00edquido;<br>\u2714\ufe0f Secador de cabelo;<br>\u2714\ufe0f Toalhas de praia;<br>\u2714\ufe0f Cigarros, e tabaco (\u00e0 venda em lojas e bares a bordo).<\/p>\n\n\n\n<p class=\"has-text-align-center has-vivid-red-color has-text-color has-background\" style=\"background-color:#e5e5e5\"><strong>Alguns itens n\u00e3o s\u00e3o permitidos a bordo do navio Costa Favolosa e podem ser confiscados pelas autoridades portu\u00e1rias ou tripula\u00e7\u00e3o. S\u00e3o medidas tomadas visando garantir a sua seguran\u00e7a e privacidade durante o H&amp;H Festival 2023 &#8211; Cruise Edition. Confira antes de embarcar.<\/strong><\/p>\n\n\n\n<h2 class=\"wp-block-heading\">\ud83d\udeab LISTA DE ITENS PROIBIDOS \ud83d\udeab<\/h2>\n\n\n\n<p>\u274c Qualquer tipo de medicamento\/entorpecente ilegal, incluindo drogas sint\u00e9ticas e maconha medicinal;<br>\u274c Toda e qualquer arma de fogo, incluindo r\u00e9plicas e imita\u00e7\u00f5es, bem como suas pe\u00e7as, componentes e muni\u00e7\u00e3o;<br>\u274c Pistolas ou rifles de press\u00e3o, ar comprimido ou de chumbinho, ou qualquer outra arma de proj\u00e9til (por exemplo, arma de paintball);<br>\u274c Todo e qualquer explosivo, incluindo dispositivos explosivos e simulacros, fogos de artif\u00edcio, sinalizadores e pirot\u00e9cnicos;<br>\u274c Microondas;<br>\u274c Armas pontiagudas e afiadas como uma faca \u2013 ou punhal e adaga dobr\u00e1vel, canivetes (com l\u00e2mina maior que 4polegadas\/10cm de comprimento ou qualquer comprimento de l\u00e2mina que seja proibido pelas leis locais), sgian-dubh, kirpan, estrela ninja e machados;<br>\u274c Lan\u00e7as ou arp\u00f5es, bestas, arcos e flechas;<br>\u274c Armas de impacto, incluindo soco-ingl\u00eas ou soqueira, porrete, cassetete, pau, mangual ou tchaco;<br>\u274c Algemas;<br>\u274c Armas de choque de alta voltagem e todo e qualquer item que contenha subst\u00e2ncias incapacitantes (por exemplo, bombas de g\u00e1s, spray de g\u00e1s lacrimog\u00eaneo, spray de pimenta, f\u00f3sforo, \u00e1cido e outros produtos qu\u00edmicos perigosos que podem ser usados para mutilar ou incapacitar);<br>\u274c Navalha aberta e tesouras com l\u00e2minas maiores que 4polegadas\/10cm;<br>\u274c Qualquer outro item criado, adaptado ou destinado a uso como arma ofensiva;<br>\u274c L\u00edquidos inflam\u00e1veis e produtos qu\u00edmicos perigosos, a menos que transportados em quantidades limitadas e de acordo com as instru\u00e7\u00f5es da empresa (por exemplo, gasolina, bebidas alco\u00f3licas, diluentes etc.);<br>\u274c Ferramentas el\u00e9tricas, eletrodom\u00e9sticos de cozinha e itens que contenham pe\u00e7as de aquecimento, como aquecedor de imers\u00e3o, manta t\u00e9rmica el\u00e9trica, aquecedor infravermelho, ferro de passar, aquecedor de \u00e1gua, cafeteira el\u00e9trica etc.;<br>\u274c Toda e qualquer arma com l\u00e2mina oculta: faca de fivela de cinto, faca\/espada de guarda-chuva ou bengala, canivete, faca dobr\u00e1vel em forma de cart\u00e3o de cr\u00e9dito etc.;<br>\u274c Qualquer dispositivo, brinquedo ou drone voador controlado remotamente ou de forma aut\u00f4noma;<br>\u274c Hoverboard, monociclo el\u00e9trico, scooter ou segway;<br>\u274c Botij\u00f5es, garrafas e cilindros de g\u00e1s comprimido, incluindo cilindros de mergulho, cilindros de propano e latas de aerossol;<br>\u274c Radiobalizas de emerg\u00eancia indicadora de posi\u00e7\u00e3o (Emergency Position Indicating Radio Beacon, EPIRB), r\u00e1dios, receptores de banda larga (scanners), telefones via sat\u00e9lite, transformadores, lasers e canetas a laser;<\/p>\n\n\n\n<p class=\"has-text-align-center has-black-color has-luminous-vivid-amber-background-color has-text-color has-background\">Por raz\u00f5es de natureza sanit\u00e1ria,<strong> \u274c <\/strong><strong>n\u00e3o \u00e9 permitido o embarque de alimentos ou bebidas<\/strong> adquiridos fora do navio, nos portos de escala. Os respons\u00e1veis pela se\u00adguran\u00e7a do navio est\u00e3o autorizados a recolher esses vo\u00adlumes e devolv\u00ea-los aos h\u00f3spedes no final da viagem, no momento do desembarque.<\/p>\n\n\n\n<p>\u274c  <strong>Aparelhos el\u00e9tricos na cabine<\/strong>: por motivos de seguran\u00e7a, n\u00e3o \u00e9 permitido levar a bordo e \/ ou utilizar aparelhos el\u00e9tricos na cabine, a t\u00edtulo de exemplo, mas n\u00e3o limitado a: ferros, aquecedores de \u00e1gua, chaleiras, fog\u00f5es el\u00e9tricos, secadores de cabelo, fog\u00f5es. As cabines s\u00e3o dotadas de um secador de cabelos.<\/p>\n\n\n\n<p>\u274c  <strong>Equipamentos de som<\/strong>: em respeito e para resguardo da privacidade e do bem-estar de todos os h\u00f3spedes, \u00e9 proibido o embarque de equipamentos de som com qualquer tipo de sistema de amplifica\u00e7\u00e3o. O uso de outros aparelhos eletr\u00f4nicos como equipamento de som apenas ser\u00e3o permitidos com o uso de fone de ouvidos.<\/p>\n\n\n\n<p>Os passageiros que se recusarem a cumprir com a pol\u00edtica de seguran\u00e7a e prote\u00e7\u00e3o ser\u00e3o impedidos de embarcar!<\/p>\n\n\n\n<p>Fonte: <a rel=\"noreferrer noopener\" href=\"https:\/\/www.costacruzeiros.com\/links-uteis\/informacao.html\" target=\"_blank\">Costa Cruzeiros<\/a><\/p>\n\n\n\n<div style=\"text-align: center;\">\n  <button style=\"background-color: #4CAF50; color: white; padding: 10px 20px; border: none; border-radius: 4px; cursor: pointer;\" onclick=\"history.back()\">Voltar<\/button>\n<\/div>\n","protected":false},"excerpt":{"rendered":"<p>CONFIRA A LISTA DOS \u00cdTENS \u2705 LISTA DE ITENS PERMITIDOS PARA LEVAR \u2705 \u2714\ufe0f Documentos pessoais e de viagem;\u2714\ufe0f Medicamentos e dispositivos m\u00e9dicos;\u2714\ufe0f M\u00e1scaras de prote\u00e7\u00e3o e gel desinfetante para as m\u00e3os;\u2714\ufe0f Cart\u00e3o de cr\u00e9dito ou dinheiro;\u2714\ufe0f Telefone e carregador;\u2714\ufe0f Preservativos e gel \u00edntimo;\u2714\ufe0f Protetor solar, bon\u00e9s, \u00f3culos de sol, sungas e mai\u00f4s;\u2714\ufe0f Looks e [&hellip;]<\/p>\n","protected":false},"author":1,"featured_media":0,"parent":0,"menu_order":0,"comment_status":"closed","ping_status":"closed","template":"","meta":{"_eb_attr":"","footnotes":""},"class_list":["post-2013","page","type-page","status-publish","hentry"],"_links":{"self":[{"href":"https:\/\/www.planetahh.com.br\/cruise\/wp-json\/wp\/v2\/pages\/2013","targetHints":{"allow":["GET"]}}],"collection":[{"href":"https:\/\/www.planetahh.com.br\/cruise\/wp-json\/wp\/v2\/pages"}],"about":[{"href":"https:\/\/www.planetahh.com.br\/cruise\/wp-json\/wp\/v2\/types\/page"}],"author":[{"embeddable":true,"href":"https:\/\/www.planetahh.com.br\/cruise\/wp-json\/wp\/v2\/users\/1"}],"replies":[{"embeddable":true,"href":"https:\/\/www.planetahh.com.br\/cruise\/wp-json\/wp\/v2\/comments?post=2013"}],"version-history":[{"count":13,"href":"https:\/\/www.planetahh.com.br\/cruise\/wp-json\/wp\/v2\/pages\/2013\/revisions"}],"predecessor-version":[{"id":4890,"href":"https:\/\/www.planetahh.com.br\/cruise\/wp-json\/wp\/v2\/pages\/2013\/revisions\/4890"}],"wp:attachment":[{"href":"https:\/\/www.planetahh.com.br\/cruise\/wp-json\/wp\/v2\/media?parent=2013"}],"curies":[{"name":"wp","href":"https:\/\/api.w.org\/{rel}","templated":true}]}}