{"id":1633,"date":"2021-06-02T21:20:08","date_gmt":"2021-06-03T00:20:08","guid":{"rendered":"https:\/\/www.planetahh.com.br\/?page_id=1633"},"modified":"2023-03-22T16:38:16","modified_gmt":"2023-03-22T19:38:16","slug":"trade","status":"publish","type":"page","link":"https:\/\/www.planetahh.com.br\/cruise\/pacotes\/trade\/","title":{"rendered":"Trade"},"content":{"rendered":"<h1 style=\"text-align: center;\">OPERADORES OFICIAIS<\/h1>\n<p><!-- HH TOUR --><\/p>\n<p><center><a href=\"https:\/\/www.planetahh.com.br\/reserva\/\" target=\"_blank\" rel=\"noopener\"><img decoding=\"async\" class=\"aligncenter size-full wp-image-1636\" src=\"https:\/\/www.planetahh.com.br\/wp-content\/uploads\/2021\/06\/hhtour.png\" alt=\"\" width=\"253\" \/><\/a><br \/>\n<strong>Operadora e Organizador Oficial do H&amp;H<\/strong><br \/>\nVendas:<br \/>\n(11) 3280-6001 ou<br \/>\n<a href=\"https:\/\/www.planetahh.com.br\/reserva\/\" target=\"_blank\" rel=\"noopener\"><span style=\"color: #000000;\">www.planetahh.com.br<\/span><\/a><\/center><img loading=\"lazy\" decoding=\"async\" class=\"aligncenter size-full wp-image-1675\" src=\"https:\/\/www.planetahh.com.br\/wp-content\/uploads\/2021\/06\/space.png\" alt=\"\" width=\"12\" height=\"63\" \/><\/p>\n<h1 style=\"text-align: center;\">AG\u00caNCIAS OFICIAIS<\/h1>\n<table class=\"aligncenter\" border=\"0\" width=\"700\" cellspacing=\"5\" cellpadding=\"5\" align=\"center\">\n<tbody>\n<tr>\n<td style=\"text-align: center;\" align=\"center\" valign=\"middle\"><center><img loading=\"lazy\" decoding=\"async\" class=\"aligncenter size-full wp-image-1635\" src=\"https:\/\/www.planetahh.com.br\/wp-content\/uploads\/2021\/06\/cecilia.png\" alt=\"\" width=\"165\" height=\"100\" \/><\/center><\/td>\n<td><\/td>\n<td style=\"text-align: center;\" align=\"center\" valign=\"middle\"><a href=\"https:\/\/www.viajeentreiguais.com.br\/\" target=\"_blank\" rel=\"noopener\"><img decoding=\"async\" src=\"https:\/\/www.planetahh.com.br\/cruise\/wp-content\/uploads\/2022\/06\/viaje-entre-iguais.jpg\" \/><\/a><\/td>\n<\/tr>\n<tr>\n<td style=\"text-align: center;\" align=\"center\" valign=\"middle\"><strong>Ag\u00eancia Parceira do H&amp;H<\/strong><br \/>\nVendas: (11) 98315-8388 ou ceciliadinizmcd@gmail.com<br \/>\nC\u00f3digo: HH007<\/td>\n<td><\/td>\n<td style=\"text-align: center;\" align=\"center\" valign=\"middle\"><strong>Ag\u00eancia Parceira do H&amp;H<\/strong><br \/>\nVendas: (11) 95186-4529 ou atendimento@viajeentreiguais.com.br<br \/>\nC\u00f3digo: HH015<\/td>\n<\/tr>\n<\/tbody>\n<\/table>\n<p><img loading=\"lazy\" decoding=\"async\" class=\"aligncenter size-full wp-image-1675\" src=\"https:\/\/www.planetahh.com.br\/wp-content\/uploads\/2021\/06\/space.png\" alt=\"\" width=\"12\" height=\"63\" \/><\/p>\n<p><center><\/p>\n<h1 style=\"text-align: center;\">PARCEIROS, EMBAIXADORES e AGENTES OFICIAIS:<\/h1>\n<p><strong>VIPADO<\/strong><br \/>\nlgribeiroj@gmail.com<br \/>\nC\u00f3digo: HH001<\/p>\n<p><strong>TADEU HIROAKI<\/strong><br \/>\ntadeutakey@gmail.com<br \/>\nC\u00f3digo: HH002<\/p>\n<p><strong>FERRUCIO<\/strong><br \/>\ndjferrucio.alison@gmail.com<br \/>\nC\u00f3digo: HH003<\/p>\n<p><strong>RODOLFO BRAVAT<\/strong><br \/>\nrodolfobravatdj@gmail.com<br \/>\nC\u00f3digo: HH016<\/p>\n<p><strong>GAROTAS AO MAR<\/strong><br \/>\ngarotasaomarvendas@gmail.com<br \/>\nC\u00f3digo: HH021<\/p>\n<p><strong>JP<\/strong><br \/>\n<span style=\"color: #ff6600;\"><a style=\"color: #ff6600;\" href=\"https:\/\/www.instagram.com\/jputsss\" target=\"_blank\" rel=\"noopener\">INSTAGRAM<\/a><\/span><br \/>\nC\u00f3digo: HH022<\/p>\n<p><strong>MELQUES VIBER<\/strong><br \/>\n<span style=\"color: #ff6600;\"><a style=\"color: #ff6600;\" href=\"https:\/\/www.instagram.com\/melquesviber\" target=\"_blank\" rel=\"noopener\">INSTAGRAM<\/a><\/span><br \/>\nC\u00f3digo: HH023<\/p>\n<p><strong>PEDRO AUGUSTO<br \/>\n<span style=\"color: #ff6600;\"><a style=\"color: #ff6600;\" href=\"https:\/\/www.instagram.com\/pedrao_gyn\" target=\"_blank\" rel=\"noopener\">INSTAGRAM<\/a><\/span><\/strong><br \/>\nC\u00f3digo: HH024<\/p>\n<p><strong>RAFA VIEIRA e FELIPE FERREIRA<\/strong><br \/>\n<span style=\"color: #ff6600;\"><a style=\"color: #ff6600;\" href=\"https:\/\/www.instagram.com\/rafavieiravoz\" target=\"_blank\" rel=\"noopener\">INSTAGRAM RAFA<\/a><\/span> e <span style=\"color: #ff6600;\"><a style=\"color: #ff6600;\" href=\"https:\/\/www.instagram.com\/djfelipeferreira\" target=\"_blank\" rel=\"noopener\">INSTAGRAM FELIPE<\/a><\/span><br \/>\nC\u00f3digo: HH025<\/p>\n<p><strong>RENANN FRANCO<\/strong><br \/>\n<span style=\"color: #ff6600;\"><a style=\"color: #ff6600;\" href=\"https:\/\/www.instagram.com\/renannfranco\" target=\"_blank\" rel=\"noopener\">INSTAGRAM<\/a><\/span><br \/>\nC\u00f3digo: HH026<\/p>\n<p><strong>FERNANDA REZENDE<\/strong><br \/>\n<span style=\"color: #ff6600;\"><a style=\"color: #ff6600;\" href=\"https:\/\/www.instagram.com\/nutrifeferezende\" target=\"_blank\" rel=\"noopener\">INSTAGRAM<\/a><\/span><br \/>\nC\u00f3digo: HH027<\/p>\n<p><strong>IGOR ZOZO<\/strong><br \/>\n<span style=\"color: #ff6600;\"><a style=\"color: #ff6600;\" href=\"https:\/\/www.instagram.com\/ygorzozo\" target=\"_blank\" rel=\"noopener\">INSTAGRAM<\/a><\/span><br \/>\nC\u00f3digo: HH028<\/p>\n<p><strong>JOSY SILVA<\/strong><br \/>\njosyhh030@gmail.com<br \/>\nC\u00f3digo: HH030<\/p>\n<p><\/center><\/p>\n","protected":false},"excerpt":{"rendered":"<p>OPERADORES OFICIAIS Operadora e Organizador Oficial do H&amp;H Vendas: (11) 3280-6001 ou www.planetahh.com.br AG\u00caNCIAS OFICIAIS Ag\u00eancia Parceira do H&amp;H Vendas: (11) 98315-8388 ou ceciliadinizmcd@gmail.com C\u00f3digo: HH007 Ag\u00eancia Parceira do H&amp;H Vendas: (11) 95186-4529 ou atendimento@viajeentreiguais.com.br C\u00f3digo: HH015 PARCEIROS, EMBAIXADORES e AGENTES OFICIAIS: VIPADO lgribeiroj@gmail.com C\u00f3digo: HH001 TADEU HIROAKI tadeutakey@gmail.com C\u00f3digo: HH002 FERRUCIO djferrucio.alison@gmail.com C\u00f3digo: HH003 [&hellip;]<\/p>\n","protected":false},"author":1,"featured_media":0,"parent":62,"menu_order":0,"comment_status":"closed","ping_status":"closed","template":"","meta":{"_eb_attr":"","footnotes":""},"class_list":["post-1633","page","type-page","status-publish","hentry"],"_links":{"self":[{"href":"https:\/\/www.planetahh.com.br\/cruise\/wp-json\/wp\/v2\/pages\/1633","targetHints":{"allow":["GET"]}}],"collection":[{"href":"https:\/\/www.planetahh.com.br\/cruise\/wp-json\/wp\/v2\/pages"}],"about":[{"href":"https:\/\/www.planetahh.com.br\/cruise\/wp-json\/wp\/v2\/types\/page"}],"author":[{"embeddable":true,"href":"https:\/\/www.planetahh.com.br\/cruise\/wp-json\/wp\/v2\/users\/1"}],"replies":[{"embeddable":true,"href":"https:\/\/www.planetahh.com.br\/cruise\/wp-json\/wp\/v2\/comments?post=1633"}],"version-history":[{"count":26,"href":"https:\/\/www.planetahh.com.br\/cruise\/wp-json\/wp\/v2\/pages\/1633\/revisions"}],"predecessor-version":[{"id":4824,"href":"https:\/\/www.planetahh.com.br\/cruise\/wp-json\/wp\/v2\/pages\/1633\/revisions\/4824"}],"up":[{"embeddable":true,"href":"https:\/\/www.planetahh.com.br\/cruise\/wp-json\/wp\/v2\/pages\/62"}],"wp:attachment":[{"href":"https:\/\/www.planetahh.com.br\/cruise\/wp-json\/wp\/v2\/media?parent=1633"}],"curies":[{"name":"wp","href":"https:\/\/api.w.org\/{rel}","templated":true}]}}