{"id":1565,"date":"2022-11-22T16:00:00","date_gmt":"2022-11-22T19:00:00","guid":{"rendered":"https:\/\/www.planetahh.com.br\/?page_id=1565"},"modified":"2023-03-29T15:46:33","modified_gmt":"2023-03-29T18:46:33","slug":"line-up-sonoro","status":"publish","type":"page","link":"https:\/\/www.planetahh.com.br\/cruise\/programacao\/line-up-sonoro\/","title":{"rendered":"Line-up Sonoro"},"content":{"rendered":"<div class=\"wp-block-image\">\n<figure class=\"aligncenter size-full\"><a href=\"https:\/\/www.planetahh.com.br\/cruise\/wp-content\/uploads\/2023\/02\/HH2023-MAPA-LINE-UP-SONORO-BR.jpg\"><img loading=\"lazy\" decoding=\"async\" width=\"1200\" height=\"1200\" src=\"https:\/\/www.planetahh.com.br\/cruise\/wp-content\/uploads\/2023\/02\/HH2023-MAPA-LINE-UP-SONORO-BR.jpg\" alt=\"\" class=\"wp-image-3271\" srcset=\"https:\/\/www.planetahh.com.br\/cruise\/wp-content\/uploads\/2023\/02\/HH2023-MAPA-LINE-UP-SONORO-BR.jpg 1200w, https:\/\/www.planetahh.com.br\/cruise\/wp-content\/uploads\/2023\/02\/HH2023-MAPA-LINE-UP-SONORO-BR-300x300.jpg 300w, https:\/\/www.planetahh.com.br\/cruise\/wp-content\/uploads\/2023\/02\/HH2023-MAPA-LINE-UP-SONORO-BR-1024x1024.jpg 1024w, https:\/\/www.planetahh.com.br\/cruise\/wp-content\/uploads\/2023\/02\/HH2023-MAPA-LINE-UP-SONORO-BR-150x150.jpg 150w, https:\/\/www.planetahh.com.br\/cruise\/wp-content\/uploads\/2023\/02\/HH2023-MAPA-LINE-UP-SONORO-BR-768x768.jpg 768w, https:\/\/www.planetahh.com.br\/cruise\/wp-content\/uploads\/2023\/02\/HH2023-MAPA-LINE-UP-SONORO-BR-80x80.jpg 80w\" sizes=\"auto, (max-width: 1200px) 100vw, 1200px\" \/><\/a><\/figure>\n<\/div>\n\n\n<div style=\"height:50px\" aria-hidden=\"true\" class=\"wp-block-spacer\"><\/div>\n\n\n\n<p class=\"has-text-align-center\">Todas as festas ser\u00e3o a bordo do navio Costa Favolosa, portanto, prepare os looks para entrar no clima das festas tem\u00e1ticas do <strong>H&amp;H Festival 2023 &#8211; Cruise Edition<\/strong>. Conhe\u00e7a os principais temas:<\/p>\n\n\n\n<p class=\"has-text-align-center\">\ud83d\udd31 Welcome Aboard<br>\ud83c\udfb8 Estrelas do Rock<br>\u2693 Marinheiros<br>\ud83e\uddda\u200d\u2642\ufe0f Conto de Fadas<br>\ud83d\udd7a\ud83c\udffc Glam<br>\ud83c\udf1e Summer<br>\ud83d\ude08 Fetiche<\/p>\n\n\n\n<p class=\"has-text-align-center\">Confira a programa\u00e7\u00e3o completa:<\/p>\n\n\n\n<h1 class=\"has-text-align-center wp-block-heading\">QUINTA-FEIRA &#8211; 6 DE ABRIL<\/h1>\n\n\n\n<figure class=\"wp-block-gallery has-nested-images columns-default is-cropped wp-block-gallery-1 is-layout-flex wp-block-gallery-is-layout-flex\">\n<figure class=\"wp-block-image size-full\"><a href=\"https:\/\/www.planetahh.com.br\/cruise\/wp-content\/uploads\/2023\/02\/HH2023-BLUE-SPACE-BR-MASTER.jpg\"><img loading=\"lazy\" decoding=\"async\" width=\"1200\" height=\"1200\" data-id=\"4738\" src=\"https:\/\/www.planetahh.com.br\/cruise\/wp-content\/uploads\/2023\/02\/HH2023-BLUE-SPACE-BR-MASTER.jpg\" alt=\"\" class=\"wp-image-4738\" srcset=\"https:\/\/www.planetahh.com.br\/cruise\/wp-content\/uploads\/2023\/02\/HH2023-BLUE-SPACE-BR-MASTER.jpg 1200w, https:\/\/www.planetahh.com.br\/cruise\/wp-content\/uploads\/2023\/02\/HH2023-BLUE-SPACE-BR-MASTER-300x300.jpg 300w, https:\/\/www.planetahh.com.br\/cruise\/wp-content\/uploads\/2023\/02\/HH2023-BLUE-SPACE-BR-MASTER-1024x1024.jpg 1024w, https:\/\/www.planetahh.com.br\/cruise\/wp-content\/uploads\/2023\/02\/HH2023-BLUE-SPACE-BR-MASTER-150x150.jpg 150w, https:\/\/www.planetahh.com.br\/cruise\/wp-content\/uploads\/2023\/02\/HH2023-BLUE-SPACE-BR-MASTER-768x768.jpg 768w, https:\/\/www.planetahh.com.br\/cruise\/wp-content\/uploads\/2023\/02\/HH2023-BLUE-SPACE-BR-MASTER-80x80.jpg 80w\" sizes=\"auto, (max-width: 1200px) 100vw, 1200px\" \/><\/a><\/figure>\n\n\n\n<figure class=\"wp-block-image size-full\"><a href=\"https:\/\/www.planetahh.com.br\/cruise\/wp-content\/uploads\/2023\/02\/HH2023-GAROTAS-AO-MAR-BR-MASTER.png\"><img loading=\"lazy\" decoding=\"async\" width=\"1080\" height=\"1080\" data-id=\"4744\" src=\"https:\/\/www.planetahh.com.br\/cruise\/wp-content\/uploads\/2023\/02\/HH2023-GAROTAS-AO-MAR-BR-MASTER.png\" alt=\"\" class=\"wp-image-4744\" srcset=\"https:\/\/www.planetahh.com.br\/cruise\/wp-content\/uploads\/2023\/02\/HH2023-GAROTAS-AO-MAR-BR-MASTER.png 1080w, https:\/\/www.planetahh.com.br\/cruise\/wp-content\/uploads\/2023\/02\/HH2023-GAROTAS-AO-MAR-BR-MASTER-300x300.png 300w, https:\/\/www.planetahh.com.br\/cruise\/wp-content\/uploads\/2023\/02\/HH2023-GAROTAS-AO-MAR-BR-MASTER-1024x1024.png 1024w, https:\/\/www.planetahh.com.br\/cruise\/wp-content\/uploads\/2023\/02\/HH2023-GAROTAS-AO-MAR-BR-MASTER-150x150.png 150w, https:\/\/www.planetahh.com.br\/cruise\/wp-content\/uploads\/2023\/02\/HH2023-GAROTAS-AO-MAR-BR-MASTER-768x768.png 768w, https:\/\/www.planetahh.com.br\/cruise\/wp-content\/uploads\/2023\/02\/HH2023-GAROTAS-AO-MAR-BR-MASTER-80x80.png 80w\" sizes=\"auto, (max-width: 1080px) 100vw, 1080px\" \/><\/a><\/figure>\n\n\n\n<figure class=\"wp-block-image size-full\"><a href=\"https:\/\/www.planetahh.com.br\/cruise\/wp-content\/uploads\/2023\/02\/HH2023-WELCOMEPARTY-FEED-BR.png\"><img loading=\"lazy\" decoding=\"async\" width=\"1080\" height=\"1080\" data-id=\"3955\" src=\"https:\/\/www.planetahh.com.br\/cruise\/wp-content\/uploads\/2023\/02\/HH2023-WELCOMEPARTY-FEED-BR.png\" alt=\"\" class=\"wp-image-3955\" srcset=\"https:\/\/www.planetahh.com.br\/cruise\/wp-content\/uploads\/2023\/02\/HH2023-WELCOMEPARTY-FEED-BR.png 1080w, https:\/\/www.planetahh.com.br\/cruise\/wp-content\/uploads\/2023\/02\/HH2023-WELCOMEPARTY-FEED-BR-300x300.png 300w, https:\/\/www.planetahh.com.br\/cruise\/wp-content\/uploads\/2023\/02\/HH2023-WELCOMEPARTY-FEED-BR-1024x1024.png 1024w, https:\/\/www.planetahh.com.br\/cruise\/wp-content\/uploads\/2023\/02\/HH2023-WELCOMEPARTY-FEED-BR-150x150.png 150w, https:\/\/www.planetahh.com.br\/cruise\/wp-content\/uploads\/2023\/02\/HH2023-WELCOMEPARTY-FEED-BR-768x768.png 768w, https:\/\/www.planetahh.com.br\/cruise\/wp-content\/uploads\/2023\/02\/HH2023-WELCOMEPARTY-FEED-BR-80x80.png 80w\" sizes=\"auto, (max-width: 1080px) 100vw, 1080px\" \/><\/a><\/figure>\n\n\n\n<figure class=\"wp-block-image size-full\"><a href=\"https:\/\/www.planetahh.com.br\/cruise\/wp-content\/uploads\/2023\/02\/HH2023-MATRIX-BR-MASTER.png\"><img loading=\"lazy\" decoding=\"async\" width=\"1080\" height=\"1080\" data-id=\"4749\" src=\"https:\/\/www.planetahh.com.br\/cruise\/wp-content\/uploads\/2023\/02\/HH2023-MATRIX-BR-MASTER.png\" alt=\"\" class=\"wp-image-4749\" srcset=\"https:\/\/www.planetahh.com.br\/cruise\/wp-content\/uploads\/2023\/02\/HH2023-MATRIX-BR-MASTER.png 1080w, https:\/\/www.planetahh.com.br\/cruise\/wp-content\/uploads\/2023\/02\/HH2023-MATRIX-BR-MASTER-300x300.png 300w, https:\/\/www.planetahh.com.br\/cruise\/wp-content\/uploads\/2023\/02\/HH2023-MATRIX-BR-MASTER-1024x1024.png 1024w, https:\/\/www.planetahh.com.br\/cruise\/wp-content\/uploads\/2023\/02\/HH2023-MATRIX-BR-MASTER-150x150.png 150w, https:\/\/www.planetahh.com.br\/cruise\/wp-content\/uploads\/2023\/02\/HH2023-MATRIX-BR-MASTER-768x768.png 768w, https:\/\/www.planetahh.com.br\/cruise\/wp-content\/uploads\/2023\/02\/HH2023-MATRIX-BR-MASTER-80x80.png 80w\" sizes=\"auto, (max-width: 1080px) 100vw, 1080px\" \/><\/a><\/figure>\n\n\n\n<figure class=\"wp-block-image size-full\"><a href=\"https:\/\/www.planetahh.com.br\/cruise\/wp-content\/uploads\/2023\/02\/HH2023-WE-PARTY-BR-MASTER-1024x1024.png\"><img loading=\"lazy\" decoding=\"async\" width=\"1080\" height=\"1080\" data-id=\"4754\" src=\"https:\/\/www.planetahh.com.br\/cruise\/wp-content\/uploads\/2023\/02\/HH2023-WE-PARTY-BR-MASTER.png\" alt=\"\" class=\"wp-image-4754\" srcset=\"https:\/\/www.planetahh.com.br\/cruise\/wp-content\/uploads\/2023\/02\/HH2023-WE-PARTY-BR-MASTER.png 1080w, https:\/\/www.planetahh.com.br\/cruise\/wp-content\/uploads\/2023\/02\/HH2023-WE-PARTY-BR-MASTER-300x300.png 300w, https:\/\/www.planetahh.com.br\/cruise\/wp-content\/uploads\/2023\/02\/HH2023-WE-PARTY-BR-MASTER-1024x1024.png 1024w, https:\/\/www.planetahh.com.br\/cruise\/wp-content\/uploads\/2023\/02\/HH2023-WE-PARTY-BR-MASTER-150x150.png 150w, https:\/\/www.planetahh.com.br\/cruise\/wp-content\/uploads\/2023\/02\/HH2023-WE-PARTY-BR-MASTER-768x768.png 768w, https:\/\/www.planetahh.com.br\/cruise\/wp-content\/uploads\/2023\/02\/HH2023-WE-PARTY-BR-MASTER-80x80.png 80w\" sizes=\"auto, (max-width: 1080px) 100vw, 1080px\" \/><\/a><\/figure>\n\n\n\n<figure class=\"wp-block-image size-full\"><a href=\"https:\/\/www.planetahh.com.br\/cruise\/wp-content\/uploads\/2023\/02\/HH2023-MACHO-BR-MASTER-1024x1024.png\"><img loading=\"lazy\" decoding=\"async\" width=\"1200\" height=\"1200\" data-id=\"4755\" src=\"https:\/\/www.planetahh.com.br\/cruise\/wp-content\/uploads\/2023\/02\/HH2023-MACHO-BR-MASTER.png\" alt=\"\" class=\"wp-image-4755\" srcset=\"https:\/\/www.planetahh.com.br\/cruise\/wp-content\/uploads\/2023\/02\/HH2023-MACHO-BR-MASTER.png 1200w, https:\/\/www.planetahh.com.br\/cruise\/wp-content\/uploads\/2023\/02\/HH2023-MACHO-BR-MASTER-300x300.png 300w, https:\/\/www.planetahh.com.br\/cruise\/wp-content\/uploads\/2023\/02\/HH2023-MACHO-BR-MASTER-1024x1024.png 1024w, https:\/\/www.planetahh.com.br\/cruise\/wp-content\/uploads\/2023\/02\/HH2023-MACHO-BR-MASTER-150x150.png 150w, https:\/\/www.planetahh.com.br\/cruise\/wp-content\/uploads\/2023\/02\/HH2023-MACHO-BR-MASTER-768x768.png 768w, https:\/\/www.planetahh.com.br\/cruise\/wp-content\/uploads\/2023\/02\/HH2023-MACHO-BR-MASTER-80x80.png 80w\" sizes=\"auto, (max-width: 1200px) 100vw, 1200px\" \/><\/a><\/figure>\n<\/figure>\n\n\n\n<div style=\"height:50px\" aria-hidden=\"true\" class=\"wp-block-spacer\"><\/div>\n\n\n\n<h1 class=\"has-text-align-center wp-block-heading\">SEXTA-FEIRA &#8211; 7 DE ABRIL<\/h1>\n\n\n\n<figure class=\"wp-block-gallery aligncenter has-nested-images columns-default is-cropped wp-block-gallery-2 is-layout-flex wp-block-gallery-is-layout-flex\">\n<figure class=\"wp-block-image size-full\"><a href=\"https:\/\/www.planetahh.com.br\/cruise\/wp-content\/uploads\/2023\/02\/HH2023-BLUE-SPACE-BR-MASTER.jpg\"><img loading=\"lazy\" decoding=\"async\" width=\"1200\" height=\"1200\" data-id=\"4738\" src=\"https:\/\/www.planetahh.com.br\/cruise\/wp-content\/uploads\/2023\/02\/HH2023-BLUE-SPACE-BR-MASTER.jpg\" alt=\"\" class=\"wp-image-4738\" srcset=\"https:\/\/www.planetahh.com.br\/cruise\/wp-content\/uploads\/2023\/02\/HH2023-BLUE-SPACE-BR-MASTER.jpg 1200w, https:\/\/www.planetahh.com.br\/cruise\/wp-content\/uploads\/2023\/02\/HH2023-BLUE-SPACE-BR-MASTER-300x300.jpg 300w, https:\/\/www.planetahh.com.br\/cruise\/wp-content\/uploads\/2023\/02\/HH2023-BLUE-SPACE-BR-MASTER-1024x1024.jpg 1024w, https:\/\/www.planetahh.com.br\/cruise\/wp-content\/uploads\/2023\/02\/HH2023-BLUE-SPACE-BR-MASTER-150x150.jpg 150w, https:\/\/www.planetahh.com.br\/cruise\/wp-content\/uploads\/2023\/02\/HH2023-BLUE-SPACE-BR-MASTER-768x768.jpg 768w, https:\/\/www.planetahh.com.br\/cruise\/wp-content\/uploads\/2023\/02\/HH2023-BLUE-SPACE-BR-MASTER-80x80.jpg 80w\" sizes=\"auto, (max-width: 1200px) 100vw, 1200px\" \/><\/a><\/figure>\n\n\n\n<figure class=\"wp-block-image size-full\"><a href=\"https:\/\/www.planetahh.com.br\/cruise\/wp-content\/uploads\/2023\/02\/HH2023-GAROTAS-AO-MAR-BR-MASTER.png\"><img loading=\"lazy\" decoding=\"async\" width=\"1080\" height=\"1080\" data-id=\"4744\" src=\"https:\/\/www.planetahh.com.br\/cruise\/wp-content\/uploads\/2023\/02\/HH2023-GAROTAS-AO-MAR-BR-MASTER.png\" alt=\"\" class=\"wp-image-4744\" srcset=\"https:\/\/www.planetahh.com.br\/cruise\/wp-content\/uploads\/2023\/02\/HH2023-GAROTAS-AO-MAR-BR-MASTER.png 1080w, https:\/\/www.planetahh.com.br\/cruise\/wp-content\/uploads\/2023\/02\/HH2023-GAROTAS-AO-MAR-BR-MASTER-300x300.png 300w, https:\/\/www.planetahh.com.br\/cruise\/wp-content\/uploads\/2023\/02\/HH2023-GAROTAS-AO-MAR-BR-MASTER-1024x1024.png 1024w, https:\/\/www.planetahh.com.br\/cruise\/wp-content\/uploads\/2023\/02\/HH2023-GAROTAS-AO-MAR-BR-MASTER-150x150.png 150w, https:\/\/www.planetahh.com.br\/cruise\/wp-content\/uploads\/2023\/02\/HH2023-GAROTAS-AO-MAR-BR-MASTER-768x768.png 768w, https:\/\/www.planetahh.com.br\/cruise\/wp-content\/uploads\/2023\/02\/HH2023-GAROTAS-AO-MAR-BR-MASTER-80x80.png 80w\" sizes=\"auto, (max-width: 1080px) 100vw, 1080px\" \/><\/a><\/figure>\n\n\n\n<figure class=\"wp-block-image size-full\"><a href=\"https:\/\/www.planetahh.com.br\/cruise\/wp-content\/uploads\/2023\/03\/HH2023-SANISLAND-BR-MASTER.png\"><img loading=\"lazy\" decoding=\"async\" width=\"1200\" height=\"1200\" data-id=\"4772\" src=\"https:\/\/www.planetahh.com.br\/cruise\/wp-content\/uploads\/2023\/03\/HH2023-SANISLAND-BR-MASTER.png\" alt=\"\" class=\"wp-image-4772\" srcset=\"https:\/\/www.planetahh.com.br\/cruise\/wp-content\/uploads\/2023\/03\/HH2023-SANISLAND-BR-MASTER.png 1200w, https:\/\/www.planetahh.com.br\/cruise\/wp-content\/uploads\/2023\/03\/HH2023-SANISLAND-BR-MASTER-300x300.png 300w, https:\/\/www.planetahh.com.br\/cruise\/wp-content\/uploads\/2023\/03\/HH2023-SANISLAND-BR-MASTER-1024x1024.png 1024w, https:\/\/www.planetahh.com.br\/cruise\/wp-content\/uploads\/2023\/03\/HH2023-SANISLAND-BR-MASTER-150x150.png 150w, https:\/\/www.planetahh.com.br\/cruise\/wp-content\/uploads\/2023\/03\/HH2023-SANISLAND-BR-MASTER-768x768.png 768w, https:\/\/www.planetahh.com.br\/cruise\/wp-content\/uploads\/2023\/03\/HH2023-SANISLAND-BR-MASTER-80x80.png 80w\" sizes=\"auto, (max-width: 1200px) 100vw, 1200px\" \/><\/a><\/figure>\n\n\n\n<figure class=\"wp-block-image size-full\"><a href=\"https:\/\/www.planetahh.com.br\/cruise\/wp-content\/uploads\/2023\/02\/HH2023-FESTA-DA-LILI-BR-MASTER.png\"><img loading=\"lazy\" decoding=\"async\" width=\"1200\" height=\"1200\" data-id=\"4752\" src=\"https:\/\/www.planetahh.com.br\/cruise\/wp-content\/uploads\/2023\/02\/HH2023-FESTA-DA-LILI-BR-MASTER.png\" alt=\"\" class=\"wp-image-4752\" srcset=\"https:\/\/www.planetahh.com.br\/cruise\/wp-content\/uploads\/2023\/02\/HH2023-FESTA-DA-LILI-BR-MASTER.png 1200w, https:\/\/www.planetahh.com.br\/cruise\/wp-content\/uploads\/2023\/02\/HH2023-FESTA-DA-LILI-BR-MASTER-300x300.png 300w, https:\/\/www.planetahh.com.br\/cruise\/wp-content\/uploads\/2023\/02\/HH2023-FESTA-DA-LILI-BR-MASTER-1024x1024.png 1024w, https:\/\/www.planetahh.com.br\/cruise\/wp-content\/uploads\/2023\/02\/HH2023-FESTA-DA-LILI-BR-MASTER-150x150.png 150w, https:\/\/www.planetahh.com.br\/cruise\/wp-content\/uploads\/2023\/02\/HH2023-FESTA-DA-LILI-BR-MASTER-768x768.png 768w, https:\/\/www.planetahh.com.br\/cruise\/wp-content\/uploads\/2023\/02\/HH2023-FESTA-DA-LILI-BR-MASTER-80x80.png 80w\" sizes=\"auto, (max-width: 1200px) 100vw, 1200px\" \/><\/a><\/figure>\n\n\n\n<figure class=\"wp-block-image size-full\"><a href=\"https:\/\/www.planetahh.com.br\/cruise\/wp-content\/uploads\/2023\/03\/HH2023-MEAT-BR-MASTER.png\"><img loading=\"lazy\" decoding=\"async\" width=\"1200\" height=\"1200\" data-id=\"4773\" src=\"https:\/\/www.planetahh.com.br\/cruise\/wp-content\/uploads\/2023\/03\/HH2023-MEAT-BR-MASTER.png\" alt=\"\" class=\"wp-image-4773\" srcset=\"https:\/\/www.planetahh.com.br\/cruise\/wp-content\/uploads\/2023\/03\/HH2023-MEAT-BR-MASTER.png 1200w, https:\/\/www.planetahh.com.br\/cruise\/wp-content\/uploads\/2023\/03\/HH2023-MEAT-BR-MASTER-300x300.png 300w, https:\/\/www.planetahh.com.br\/cruise\/wp-content\/uploads\/2023\/03\/HH2023-MEAT-BR-MASTER-1024x1024.png 1024w, https:\/\/www.planetahh.com.br\/cruise\/wp-content\/uploads\/2023\/03\/HH2023-MEAT-BR-MASTER-150x150.png 150w, https:\/\/www.planetahh.com.br\/cruise\/wp-content\/uploads\/2023\/03\/HH2023-MEAT-BR-MASTER-768x768.png 768w, https:\/\/www.planetahh.com.br\/cruise\/wp-content\/uploads\/2023\/03\/HH2023-MEAT-BR-MASTER-80x80.png 80w\" sizes=\"auto, (max-width: 1200px) 100vw, 1200px\" \/><\/a><\/figure>\n<\/figure>\n\n\n\n<div style=\"height:50px\" aria-hidden=\"true\" class=\"wp-block-spacer\"><\/div>\n\n\n\n<h1 class=\"has-text-align-center wp-block-heading\">S\u00c1BADO &#8211; 8 DE ABRIL<\/h1>\n\n\n\n<figure class=\"wp-block-gallery aligncenter has-nested-images columns-2 is-cropped wp-block-gallery-3 is-layout-flex wp-block-gallery-is-layout-flex\">\n<figure class=\"wp-block-image size-full\"><a href=\"https:\/\/www.planetahh.com.br\/cruise\/wp-content\/uploads\/2023\/02\/HH2023-BLUE-SPACE-BR-MASTER.jpg\"><img loading=\"lazy\" decoding=\"async\" width=\"1200\" height=\"1200\" data-id=\"4738\" src=\"https:\/\/www.planetahh.com.br\/cruise\/wp-content\/uploads\/2023\/02\/HH2023-BLUE-SPACE-BR-MASTER.jpg\" alt=\"\" class=\"wp-image-4738\" srcset=\"https:\/\/www.planetahh.com.br\/cruise\/wp-content\/uploads\/2023\/02\/HH2023-BLUE-SPACE-BR-MASTER.jpg 1200w, https:\/\/www.planetahh.com.br\/cruise\/wp-content\/uploads\/2023\/02\/HH2023-BLUE-SPACE-BR-MASTER-300x300.jpg 300w, https:\/\/www.planetahh.com.br\/cruise\/wp-content\/uploads\/2023\/02\/HH2023-BLUE-SPACE-BR-MASTER-1024x1024.jpg 1024w, https:\/\/www.planetahh.com.br\/cruise\/wp-content\/uploads\/2023\/02\/HH2023-BLUE-SPACE-BR-MASTER-150x150.jpg 150w, https:\/\/www.planetahh.com.br\/cruise\/wp-content\/uploads\/2023\/02\/HH2023-BLUE-SPACE-BR-MASTER-768x768.jpg 768w, https:\/\/www.planetahh.com.br\/cruise\/wp-content\/uploads\/2023\/02\/HH2023-BLUE-SPACE-BR-MASTER-80x80.jpg 80w\" sizes=\"auto, (max-width: 1200px) 100vw, 1200px\" \/><\/a><\/figure>\n\n\n\n<figure class=\"wp-block-image size-full\"><a href=\"https:\/\/www.planetahh.com.br\/cruise\/wp-content\/uploads\/2023\/02\/HH2023-GAROTAS-AO-MAR-BR-MASTER.png\"><img loading=\"lazy\" decoding=\"async\" width=\"1080\" height=\"1080\" data-id=\"4744\" src=\"https:\/\/www.planetahh.com.br\/cruise\/wp-content\/uploads\/2023\/02\/HH2023-GAROTAS-AO-MAR-BR-MASTER.png\" alt=\"\" class=\"wp-image-4744\" srcset=\"https:\/\/www.planetahh.com.br\/cruise\/wp-content\/uploads\/2023\/02\/HH2023-GAROTAS-AO-MAR-BR-MASTER.png 1080w, https:\/\/www.planetahh.com.br\/cruise\/wp-content\/uploads\/2023\/02\/HH2023-GAROTAS-AO-MAR-BR-MASTER-300x300.png 300w, https:\/\/www.planetahh.com.br\/cruise\/wp-content\/uploads\/2023\/02\/HH2023-GAROTAS-AO-MAR-BR-MASTER-1024x1024.png 1024w, https:\/\/www.planetahh.com.br\/cruise\/wp-content\/uploads\/2023\/02\/HH2023-GAROTAS-AO-MAR-BR-MASTER-150x150.png 150w, https:\/\/www.planetahh.com.br\/cruise\/wp-content\/uploads\/2023\/02\/HH2023-GAROTAS-AO-MAR-BR-MASTER-768x768.png 768w, https:\/\/www.planetahh.com.br\/cruise\/wp-content\/uploads\/2023\/02\/HH2023-GAROTAS-AO-MAR-BR-MASTER-80x80.png 80w\" sizes=\"auto, (max-width: 1080px) 100vw, 1080px\" \/><\/a><\/figure>\n\n\n\n<figure class=\"wp-block-image size-full\"><a href=\"https:\/\/www.planetahh.com.br\/cruise\/wp-content\/uploads\/2023\/03\/HH2023-CIRCUIT-BR-MASTER.png\"><img loading=\"lazy\" decoding=\"async\" width=\"1200\" height=\"1200\" data-id=\"4774\" src=\"https:\/\/www.planetahh.com.br\/cruise\/wp-content\/uploads\/2023\/03\/HH2023-CIRCUIT-BR-MASTER.png\" alt=\"\" class=\"wp-image-4774\" srcset=\"https:\/\/www.planetahh.com.br\/cruise\/wp-content\/uploads\/2023\/03\/HH2023-CIRCUIT-BR-MASTER.png 1200w, https:\/\/www.planetahh.com.br\/cruise\/wp-content\/uploads\/2023\/03\/HH2023-CIRCUIT-BR-MASTER-300x300.png 300w, https:\/\/www.planetahh.com.br\/cruise\/wp-content\/uploads\/2023\/03\/HH2023-CIRCUIT-BR-MASTER-1024x1024.png 1024w, https:\/\/www.planetahh.com.br\/cruise\/wp-content\/uploads\/2023\/03\/HH2023-CIRCUIT-BR-MASTER-150x150.png 150w, https:\/\/www.planetahh.com.br\/cruise\/wp-content\/uploads\/2023\/03\/HH2023-CIRCUIT-BR-MASTER-768x768.png 768w, https:\/\/www.planetahh.com.br\/cruise\/wp-content\/uploads\/2023\/03\/HH2023-CIRCUIT-BR-MASTER-80x80.png 80w\" sizes=\"auto, (max-width: 1200px) 100vw, 1200px\" \/><\/a><\/figure>\n\n\n\n<figure class=\"wp-block-image size-full\"><a href=\"https:\/\/www.planetahh.com.br\/cruise\/wp-content\/uploads\/2023\/03\/HH2023-MATINEE-BR-MASTER.png\"><img loading=\"lazy\" decoding=\"async\" width=\"1200\" height=\"1200\" data-id=\"4775\" src=\"https:\/\/www.planetahh.com.br\/cruise\/wp-content\/uploads\/2023\/03\/HH2023-MATINEE-BR-MASTER.png\" alt=\"\" class=\"wp-image-4775\" srcset=\"https:\/\/www.planetahh.com.br\/cruise\/wp-content\/uploads\/2023\/03\/HH2023-MATINEE-BR-MASTER.png 1200w, https:\/\/www.planetahh.com.br\/cruise\/wp-content\/uploads\/2023\/03\/HH2023-MATINEE-BR-MASTER-300x300.png 300w, https:\/\/www.planetahh.com.br\/cruise\/wp-content\/uploads\/2023\/03\/HH2023-MATINEE-BR-MASTER-1024x1024.png 1024w, https:\/\/www.planetahh.com.br\/cruise\/wp-content\/uploads\/2023\/03\/HH2023-MATINEE-BR-MASTER-150x150.png 150w, https:\/\/www.planetahh.com.br\/cruise\/wp-content\/uploads\/2023\/03\/HH2023-MATINEE-BR-MASTER-768x768.png 768w, https:\/\/www.planetahh.com.br\/cruise\/wp-content\/uploads\/2023\/03\/HH2023-MATINEE-BR-MASTER-80x80.png 80w\" sizes=\"auto, (max-width: 1200px) 100vw, 1200px\" \/><\/a><\/figure>\n<\/figure>\n","protected":false},"excerpt":{"rendered":"<p>Todas as festas ser\u00e3o a bordo do navio Costa Favolosa, portanto, prepare os looks para entrar no clima das festas tem\u00e1ticas do H&amp;H Festival 2023 &#8211; Cruise Edition. Conhe\u00e7a os principais temas: \ud83d\udd31 Welcome Aboard\ud83c\udfb8 Estrelas do Rock\u2693 Marinheiros\ud83e\uddda\u200d\u2642\ufe0f Conto de Fadas\ud83d\udd7a\ud83c\udffc Glam\ud83c\udf1e Summer\ud83d\ude08 Fetiche Confira a programa\u00e7\u00e3o completa: QUINTA-FEIRA &#8211; 6 DE ABRIL SEXTA-FEIRA [&hellip;]<\/p>\n","protected":false},"author":1,"featured_media":3271,"parent":107,"menu_order":0,"comment_status":"closed","ping_status":"closed","template":"","meta":{"_eb_attr":"","footnotes":""},"class_list":["post-1565","page","type-page","status-publish","has-post-thumbnail","hentry"],"_links":{"self":[{"href":"https:\/\/www.planetahh.com.br\/cruise\/wp-json\/wp\/v2\/pages\/1565","targetHints":{"allow":["GET"]}}],"collection":[{"href":"https:\/\/www.planetahh.com.br\/cruise\/wp-json\/wp\/v2\/pages"}],"about":[{"href":"https:\/\/www.planetahh.com.br\/cruise\/wp-json\/wp\/v2\/types\/page"}],"author":[{"embeddable":true,"href":"https:\/\/www.planetahh.com.br\/cruise\/wp-json\/wp\/v2\/users\/1"}],"replies":[{"embeddable":true,"href":"https:\/\/www.planetahh.com.br\/cruise\/wp-json\/wp\/v2\/comments?post=1565"}],"version-history":[{"count":17,"href":"https:\/\/www.planetahh.com.br\/cruise\/wp-json\/wp\/v2\/pages\/1565\/revisions"}],"predecessor-version":[{"id":4880,"href":"https:\/\/www.planetahh.com.br\/cruise\/wp-json\/wp\/v2\/pages\/1565\/revisions\/4880"}],"up":[{"embeddable":true,"href":"https:\/\/www.planetahh.com.br\/cruise\/wp-json\/wp\/v2\/pages\/107"}],"wp:featuredmedia":[{"embeddable":true,"href":"https:\/\/www.planetahh.com.br\/cruise\/wp-json\/wp\/v2\/media\/3271"}],"wp:attachment":[{"href":"https:\/\/www.planetahh.com.br\/cruise\/wp-json\/wp\/v2\/media?parent=1565"}],"curies":[{"name":"wp","href":"https:\/\/api.w.org\/{rel}","templated":true}]}}